{"id":763,"date":"2016-04-07T10:34:15","date_gmt":"2016-04-07T08:34:15","guid":{"rendered":"http:\/\/hosting6807.af944.netcup.net\/?page_id=763"},"modified":"2023-11-09T13:19:56","modified_gmt":"2023-11-09T12:19:56","slug":"geologie-im-bayer-wald-und-im-donautal","status":"publish","type":"page","link":"https:\/\/www.hausamstrom.de\/de\/donautal\/geografie\/geologie-im-bayer-wald-und-im-donautal\/","title":{"rendered":"Geologie im Bayerischen Wald und im Donautal"},"content":{"rendered":"<div class=\"wpb-content-wrapper\"><p>[vc_row][vc_column][vc_column_text]Die Geschichte des Donauengtales beginnt mit der Heraushebung der b\u00f6hmischen Masse vor 17-18 Mio. Jahren im Terti\u00e4r. Schon in der fr\u00fchen Erdgeschichte im Pr\u00e4kambrium vor 1000 Mio. Jahren, wurden die jetzt noch im Bau des Gebirges erkennbaren Strukturen und Richtungen angelegt.<\/p>\n<div class=\"csc-textpic-text\">\n<p>Zu beiden Seiten wird das Tal von alten kristallinen Gesteinen gebildet, welche sich in Gneise und Granite unterscheiden lassen. Die Gneise, welche durch Druck und W\u00e4rme verformte Gesteine darstellen, k\u00f6nnen in zwei Gruppen eingeteilt werden: In eine sog. \u201eMonotone Gruppe\u201c, welche einer metamorphen Umwandlung von Sandstein, Tonen oder Mergeln entstammt und in eine \u201eBunte Gruppe\u201c, welche von vulkanischen Ablagerungen durchsetzt ist (z.B. die Graphitschiefer im Raum Obernzell).<\/p>\n<p>Im Verlauf der variszischen Gebirgsbildung im Karbon, in welcher es zur Einschaltung von Graniten kam, entwickelte sich der Bayerische Wald zu einem Hochgebirge. Auch f\u00e4llt in diese Zeit die Bildung des Pfahls (z.B. der Aicha-Halser Nebenpfahl von Iggensbach bis Passau), einer quarzitischen Spaltenf\u00fcllung.<\/p>\n<p>In den nachfolgenden erdgeschichtlichen Epochen Perm und Trias wurde das Hochgebirge durch tief greifende Erosionen zu einem Rumpfgebirge abgetragen. In der Zeit des Juras blieb nur die \u201eB\u00f6hmische Insel\u201c, die umgeben von Flachmeeren und Korallenriffen war, \u00fcber.<\/p>\n<p>Die Entstehung der Alpen machte sich durch die beginnende Kollision der afrikanischen mit der europ\u00e4ischen Platte, welche zu einer Heraushebung der B\u00f6hmischen Masse f\u00fchrte, bemerkbar. Mehrfache Meeres\u00fcberflutungen in den Becken vor den entstehenden Alpen erfassten noch das Grundgebirge. Reste dieser Meeresablagerungen, heute bekannt als Molasse, sind auch noch auf dem Grundgebirgsk\u00f6rper vorhanden. Die den Raum durchziehenden tektonischen St\u00f6rungen spielen eine wichtige Rolle f\u00fcr den Verlauf der Donau.<\/p>\n<p>Der Donaurandbruch, welcher bei Hofkirchen nach S\u00fcden abweicht, ist eine Bruchlinie, an der das Grundgebirge bis \u00fcber 1000 m gegen\u00fcber dem s\u00fcdlichen terti\u00e4ren Vorland angehoben wurde. Ein Vorl\u00e4ufer der Urdonau hat vermutlich nach Westen durch r\u00fcckschreitende Erosion das Tal weiter eingeschnitten und so den jetzigen Donauverlauf bestimmt.<\/p>\n<p>Hierzu gibt es aber auch andere Theorien. Wohl erst am Ende des Terti\u00e4rs fand die Donau dann ihr heutiges Bett. Unterhalb von Passau folgt die Donau heute der Donauleitenst\u00f6rung in direkter Fortsetzung der Donaurandst\u00f6rung und des Aicha-Halser-Nebenpfahles. W\u00e4hrend des Eiszeitalters erfolgte zeitgleich mit der Hebung des Gebirges die Eintiefung des Tales, was zur Bildung des heutigen Donautales beitrug.<\/p>\n<p>Die Verebnungsfl\u00e4chen, an denen der Fluss Kiese und Sande abgelagert hat, stellen wichtige Siedlungsbereiche, als auch wichtige Grundwasserreservoire dar.<\/p>\n<p>\u00a0<\/p>\n<h2>Eozoon bavaricum<\/h2>\n<p>Mitte des 19. Jahrhunderts suchten Geologen und Pal\u00e4ontologen weltweit nach den \u00e4ltesten Lebewesen auf der Erde. 1865 glaubte man, in den \u201cUrkalken\u201d Kanadas f\u00fcndig geworden zu sein. Das dortige Fossil bezeichnete man als \u201cEozoon canadense\u201d (\u201cKanadisches Tier der Morgenr\u00f6te\u201d).<\/p>\n<p>Noch im gleichen Jahr fand der bedeutendste Geologe Bayerns, Carl Wilhelm Von G\u00fcmbel (1823 \u2013 1898), dieses \u201cFossil\u201d auch in Marmoren bei Obernzell\/Passau. Eine kleinere und sehr viel verschlungenere Form entdeckte er 1866 hier in Hohenberg a.d. Eger in den heute nicht mehr existierenden Steinbr\u00fcchen wenig unterhalb des Standortes der Tafel. Er benannte es als \u201cEozoon bavaricum\u201d, entsprechend also als das \u201cBayerische Tier der Morgenr\u00f6te\u201d.<\/p>\n<p>Schon bald begann jedoch eine Diskussion darum, ob es sich beim Eozoon tats\u00e4chlich um etwas Organisches oder nicht doch um eine mineralische Bildung handeln w\u00fcrde.<\/p>\n<p>Heute ist sicher, dass das Eozoon eine rein anorganische Bildung ist. Sie besteht aus dem gr\u00fcnlichen Magnesiumsilikat Serpentin, das eine Faser- und Maschenstruktur besitzt. Diese t\u00e4uscht den Aufbau eines Organismuses vor. Man geht davon aus, dass der Serpentin durch die thermische Einwirkung des aufdringenden Granits, also durch Kontaktmetamorphose aus dem Mineral Forsterit (Mg2[SiO]4) entstanden ist. Forsterit findet sich nicht selten reliktisch im Inneren der \u201cKammern\u201d des vermeintlichen Urtieres.<\/p>\n<p>Mineralogisch\/petrografisch bezeichnet man die durch den Serpentin gr\u00fcnlich gef\u00e4rbten Marmore als Ophicalcite. Sie kommen weltweit vor.<\/p>\n<\/div>\n<p>[\/vc_column_text][\/vc_column][\/vc_row]<\/p>\n<\/div>","protected":false},"excerpt":{"rendered":"<p>[vc_row][vc_column][vc_column_text]Die Geschichte des Donauengtales beginnt mit der Heraushebung der b\u00f6hmischen Masse vor 17-18 Mio. Jahren im Terti\u00e4r. Schon in der fr\u00fchen Erdgeschichte im Pr\u00e4kambrium vor 1000 Mio. Jahren, wurden die jetzt noch im Bau des Gebirges erkennbaren Strukturen und Richtungen angelegt. Zu beiden Seiten wird das Tal von alten kristallinen Gesteinen gebildet, welche sich in [&hellip;]<\/p>\n","protected":false},"author":1,"featured_media":0,"parent":387,"menu_order":0,"comment_status":"closed","ping_status":"closed","template":"","meta":{"footnotes":""},"class_list":["post-763","page","type-page","status-publish","hentry"],"yoast_head":"<!-- This site is optimized with the Yoast SEO plugin v27.5 - https:\/\/yoast.com\/product\/yoast-seo-wordpress\/ -->\n<title>Geologie im Bayerischen Wald und im Donautal - Haus am Strom<\/title>\n<meta name=\"robots\" content=\"index, follow, max-snippet:-1, max-image-preview:large, max-video-preview:-1\" \/>\n<link rel=\"canonical\" href=\"https:\/\/www.hausamstrom.de\/de\/donautal\/geografie\/geologie-im-bayer-wald-und-im-donautal\/\" \/>\n<meta property=\"og:locale\" content=\"de_DE\" \/>\n<meta property=\"og:type\" content=\"article\" \/>\n<meta property=\"og:title\" content=\"Geologie im Bayerischen Wald und im Donautal - Haus am Strom\" \/>\n<meta property=\"og:description\" content=\"[vc_row][vc_column][vc_column_text]Die Geschichte des Donauengtales beginnt mit der Heraushebung der b\u00f6hmischen Masse vor 17-18 Mio. Jahren im Terti\u00e4r. Schon in der fr\u00fchen Erdgeschichte im Pr\u00e4kambrium vor 1000 Mio. Jahren, wurden die jetzt noch im Bau des Gebirges erkennbaren Strukturen und Richtungen angelegt. Zu beiden Seiten wird das Tal von alten kristallinen Gesteinen gebildet, welche sich in [&hellip;]\" \/>\n<meta property=\"og:url\" content=\"https:\/\/www.hausamstrom.de\/de\/donautal\/geografie\/geologie-im-bayer-wald-und-im-donautal\/\" \/>\n<meta property=\"og:site_name\" content=\"Haus am Strom\" \/>\n<meta property=\"article:publisher\" content=\"https:\/\/www.facebook.com\/hausamstrom\" \/>\n<meta property=\"article:modified_time\" content=\"2023-11-09T12:19:56+00:00\" \/>\n<meta name=\"twitter:card\" content=\"summary_large_image\" \/>\n<meta name=\"twitter:label1\" content=\"Gesch\u00e4tzte Lesezeit\" \/>\n\t<meta name=\"twitter:data1\" content=\"3\u00a0Minuten\" \/>\n<script type=\"application\/ld+json\" class=\"yoast-schema-graph\">{\"@context\":\"https:\\\/\\\/schema.org\",\"@graph\":[{\"@type\":\"WebPage\",\"@id\":\"https:\\\/\\\/www.hausamstrom.de\\\/de\\\/donautal\\\/geografie\\\/geologie-im-bayer-wald-und-im-donautal\\\/\",\"url\":\"https:\\\/\\\/www.hausamstrom.de\\\/de\\\/donautal\\\/geografie\\\/geologie-im-bayer-wald-und-im-donautal\\\/\",\"name\":\"Geologie im Bayerischen Wald und im Donautal - Haus am Strom\",\"isPartOf\":{\"@id\":\"https:\\\/\\\/www.hausamstrom.de\\\/de\\\/#website\"},\"datePublished\":\"2016-04-07T08:34:15+00:00\",\"dateModified\":\"2023-11-09T12:19:56+00:00\",\"breadcrumb\":{\"@id\":\"https:\\\/\\\/www.hausamstrom.de\\\/de\\\/donautal\\\/geografie\\\/geologie-im-bayer-wald-und-im-donautal\\\/#breadcrumb\"},\"inLanguage\":\"de\",\"potentialAction\":[{\"@type\":\"ReadAction\",\"target\":[\"https:\\\/\\\/www.hausamstrom.de\\\/de\\\/donautal\\\/geografie\\\/geologie-im-bayer-wald-und-im-donautal\\\/\"]}]},{\"@type\":\"BreadcrumbList\",\"@id\":\"https:\\\/\\\/www.hausamstrom.de\\\/de\\\/donautal\\\/geografie\\\/geologie-im-bayer-wald-und-im-donautal\\\/#breadcrumb\",\"itemListElement\":[{\"@type\":\"ListItem\",\"position\":1,\"name\":\"Home\",\"item\":\"https:\\\/\\\/www.hausamstrom.de\\\/de\\\/\"},{\"@type\":\"ListItem\",\"position\":2,\"name\":\"Donautal\",\"item\":\"https:\\\/\\\/www.hausamstrom.de\\\/de\\\/donautal\\\/\"},{\"@type\":\"ListItem\",\"position\":3,\"name\":\"Geografie\",\"item\":\"https:\\\/\\\/www.hausamstrom.de\\\/de\\\/donautal\\\/geografie\\\/\"},{\"@type\":\"ListItem\",\"position\":4,\"name\":\"Geologie im Bayerischen Wald und im Donautal\"}]},{\"@type\":\"WebSite\",\"@id\":\"https:\\\/\\\/www.hausamstrom.de\\\/de\\\/#website\",\"url\":\"https:\\\/\\\/www.hausamstrom.de\\\/de\\\/\",\"name\":\"Haus am Strom\",\"description\":\"Umweltbildungsstation im Passauer Donautal. Umweltbildung und Naturschutz f\u00fcr Kinder und Erwachsenen.\",\"publisher\":{\"@id\":\"https:\\\/\\\/www.hausamstrom.de\\\/de\\\/#organization\"},\"potentialAction\":[{\"@type\":\"SearchAction\",\"target\":{\"@type\":\"EntryPoint\",\"urlTemplate\":\"https:\\\/\\\/www.hausamstrom.de\\\/de\\\/?s={search_term_string}\"},\"query-input\":{\"@type\":\"PropertyValueSpecification\",\"valueRequired\":true,\"valueName\":\"search_term_string\"}}],\"inLanguage\":\"de\"},{\"@type\":\"Organization\",\"@id\":\"https:\\\/\\\/www.hausamstrom.de\\\/de\\\/#organization\",\"name\":\"Haus am Strom\",\"url\":\"https:\\\/\\\/www.hausamstrom.de\\\/de\\\/\",\"logo\":{\"@type\":\"ImageObject\",\"inLanguage\":\"de\",\"@id\":\"https:\\\/\\\/www.hausamstrom.de\\\/de\\\/#\\\/schema\\\/logo\\\/image\\\/\",\"url\":\"https:\\\/\\\/www.hausamstrom.de\\\/wp-content\\\/uploads\\\/2025\\\/06\\\/Logo-quadratisch-1024x1024.jpg\",\"contentUrl\":\"https:\\\/\\\/www.hausamstrom.de\\\/wp-content\\\/uploads\\\/2025\\\/06\\\/Logo-quadratisch-1024x1024.jpg\",\"width\":1024,\"height\":1024,\"caption\":\"Haus am Strom\"},\"image\":{\"@id\":\"https:\\\/\\\/www.hausamstrom.de\\\/de\\\/#\\\/schema\\\/logo\\\/image\\\/\"},\"sameAs\":[\"https:\\\/\\\/www.facebook.com\\\/hausamstrom\",\"https:\\\/\\\/www.instagram.com\\\/\"]}]}<\/script>\n<!-- \/ Yoast SEO plugin. -->","yoast_head_json":{"title":"Geologie im Bayerischen Wald und im Donautal - Haus am Strom","robots":{"index":"index","follow":"follow","max-snippet":"max-snippet:-1","max-image-preview":"max-image-preview:large","max-video-preview":"max-video-preview:-1"},"canonical":"https:\/\/www.hausamstrom.de\/de\/donautal\/geografie\/geologie-im-bayer-wald-und-im-donautal\/","og_locale":"de_DE","og_type":"article","og_title":"Geologie im Bayerischen Wald und im Donautal - Haus am Strom","og_description":"[vc_row][vc_column][vc_column_text]Die Geschichte des Donauengtales beginnt mit der Heraushebung der b\u00f6hmischen Masse vor 17-18 Mio. Jahren im Terti\u00e4r. Schon in der fr\u00fchen Erdgeschichte im Pr\u00e4kambrium vor 1000 Mio. Jahren, wurden die jetzt noch im Bau des Gebirges erkennbaren Strukturen und Richtungen angelegt. Zu beiden Seiten wird das Tal von alten kristallinen Gesteinen gebildet, welche sich in [&hellip;]","og_url":"https:\/\/www.hausamstrom.de\/de\/donautal\/geografie\/geologie-im-bayer-wald-und-im-donautal\/","og_site_name":"Haus am Strom","article_publisher":"https:\/\/www.facebook.com\/hausamstrom","article_modified_time":"2023-11-09T12:19:56+00:00","twitter_card":"summary_large_image","twitter_misc":{"Gesch\u00e4tzte Lesezeit":"3\u00a0Minuten"},"schema":{"@context":"https:\/\/schema.org","@graph":[{"@type":"WebPage","@id":"https:\/\/www.hausamstrom.de\/de\/donautal\/geografie\/geologie-im-bayer-wald-und-im-donautal\/","url":"https:\/\/www.hausamstrom.de\/de\/donautal\/geografie\/geologie-im-bayer-wald-und-im-donautal\/","name":"Geologie im Bayerischen Wald und im Donautal - Haus am Strom","isPartOf":{"@id":"https:\/\/www.hausamstrom.de\/de\/#website"},"datePublished":"2016-04-07T08:34:15+00:00","dateModified":"2023-11-09T12:19:56+00:00","breadcrumb":{"@id":"https:\/\/www.hausamstrom.de\/de\/donautal\/geografie\/geologie-im-bayer-wald-und-im-donautal\/#breadcrumb"},"inLanguage":"de","potentialAction":[{"@type":"ReadAction","target":["https:\/\/www.hausamstrom.de\/de\/donautal\/geografie\/geologie-im-bayer-wald-und-im-donautal\/"]}]},{"@type":"BreadcrumbList","@id":"https:\/\/www.hausamstrom.de\/de\/donautal\/geografie\/geologie-im-bayer-wald-und-im-donautal\/#breadcrumb","itemListElement":[{"@type":"ListItem","position":1,"name":"Home","item":"https:\/\/www.hausamstrom.de\/de\/"},{"@type":"ListItem","position":2,"name":"Donautal","item":"https:\/\/www.hausamstrom.de\/de\/donautal\/"},{"@type":"ListItem","position":3,"name":"Geografie","item":"https:\/\/www.hausamstrom.de\/de\/donautal\/geografie\/"},{"@type":"ListItem","position":4,"name":"Geologie im Bayerischen Wald und im Donautal"}]},{"@type":"WebSite","@id":"https:\/\/www.hausamstrom.de\/de\/#website","url":"https:\/\/www.hausamstrom.de\/de\/","name":"Haus am Strom","description":"Umweltbildungsstation im Passauer Donautal. Umweltbildung und Naturschutz f\u00fcr Kinder und Erwachsenen.","publisher":{"@id":"https:\/\/www.hausamstrom.de\/de\/#organization"},"potentialAction":[{"@type":"SearchAction","target":{"@type":"EntryPoint","urlTemplate":"https:\/\/www.hausamstrom.de\/de\/?s={search_term_string}"},"query-input":{"@type":"PropertyValueSpecification","valueRequired":true,"valueName":"search_term_string"}}],"inLanguage":"de"},{"@type":"Organization","@id":"https:\/\/www.hausamstrom.de\/de\/#organization","name":"Haus am Strom","url":"https:\/\/www.hausamstrom.de\/de\/","logo":{"@type":"ImageObject","inLanguage":"de","@id":"https:\/\/www.hausamstrom.de\/de\/#\/schema\/logo\/image\/","url":"https:\/\/www.hausamstrom.de\/wp-content\/uploads\/2025\/06\/Logo-quadratisch-1024x1024.jpg","contentUrl":"https:\/\/www.hausamstrom.de\/wp-content\/uploads\/2025\/06\/Logo-quadratisch-1024x1024.jpg","width":1024,"height":1024,"caption":"Haus am Strom"},"image":{"@id":"https:\/\/www.hausamstrom.de\/de\/#\/schema\/logo\/image\/"},"sameAs":["https:\/\/www.facebook.com\/hausamstrom","https:\/\/www.instagram.com\/"]}]}},"_links":{"self":[{"href":"https:\/\/www.hausamstrom.de\/de\/wp-json\/wp\/v2\/pages\/763","targetHints":{"allow":["GET"]}}],"collection":[{"href":"https:\/\/www.hausamstrom.de\/de\/wp-json\/wp\/v2\/pages"}],"about":[{"href":"https:\/\/www.hausamstrom.de\/de\/wp-json\/wp\/v2\/types\/page"}],"author":[{"embeddable":true,"href":"https:\/\/www.hausamstrom.de\/de\/wp-json\/wp\/v2\/users\/1"}],"replies":[{"embeddable":true,"href":"https:\/\/www.hausamstrom.de\/de\/wp-json\/wp\/v2\/comments?post=763"}],"version-history":[{"count":8,"href":"https:\/\/www.hausamstrom.de\/de\/wp-json\/wp\/v2\/pages\/763\/revisions"}],"predecessor-version":[{"id":11602,"href":"https:\/\/www.hausamstrom.de\/de\/wp-json\/wp\/v2\/pages\/763\/revisions\/11602"}],"up":[{"embeddable":true,"href":"https:\/\/www.hausamstrom.de\/de\/wp-json\/wp\/v2\/pages\/387"}],"wp:attachment":[{"href":"https:\/\/www.hausamstrom.de\/de\/wp-json\/wp\/v2\/media?parent=763"}],"curies":[{"name":"wp","href":"https:\/\/api.w.org\/{rel}","templated":true}]}}