{"id":866,"date":"2016-04-07T15:35:27","date_gmt":"2016-04-07T13:35:27","guid":{"rendered":"http:\/\/hosting6807.af944.netcup.net\/?page_id=866"},"modified":"2016-04-07T15:40:46","modified_gmt":"2016-04-07T13:40:46","slug":"bundesweite-wanderausstellung-zum-thema-naturereignis-hochwasser","status":"publish","type":"page","link":"https:\/\/www.hausamstrom.de\/de\/service\/archiv\/berichte-informationen-2014\/bundesweite-wanderausstellung-zum-thema-naturereignis-hochwasser\/","title":{"rendered":"Bundesweite Wanderausstellung zum Thema \u201eNaturereignis Hochwasser\u201c"},"content":{"rendered":"<div class=\"csc-textpic-imagewrap\">Der stellvertretende Landrat Raimund Kneidinger, Altlandrat Hanns Dorfner, Umweltminister Dr. Marcel Huber, Dr. <img loading=\"lazy\" decoding=\"async\" class=\"size-full wp-image-868 alignleft\" src=\"https:\/\/hausamstrom.de\/wp-content\/uploads\/2016\/04\/csm_Vernissage_Ausstellung_Allianz_klein_ec6c2f0139.jpg\" alt=\"csm_Vernissage_Ausstellung_Allianz_klein_ec6c2f0139\" width=\"300\" height=\"200\" \/>Lutz Spandau und Gesch\u00e4ftsf\u00fchrer G\u00fcnther Kohl pr\u00e4sentieren bei der neuen Ausstellung auch die neue Brosch\u00fcre der Allianz Umweltstiftung zum Hochwasser<\/div>\n<div class=\"csc-textpic-text\">\n<p><strong>Ein Jahr nach der gro\u00dfen Flutkatastrophe: Umweltminister<\/strong><\/p>\n<p><strong>Dr. Marcel Huber er\u00f6ffnet Ausstellung \u2013 Bis 9. Juni t\u00e4glich zu sehen<\/strong><\/p>\n<p>&nbsp;<\/p>\n<p>Sind die Hochwasser hausgemacht, k\u00f6nnen wir uns dauerhaft vor Hochwasser sch\u00fctzen, m\u00fcssen wir Siedlungen in Hochwassergebieten\u00a0aufgeben und k\u00f6nnen wir die Auswirkungen von Hochwasser \u00fcberhaupt\u00a0 beeinflussen? Diesen <a href=\"https:\/\/hausamstrom.de\/index.php?eID=tx_cms_showpic&amp;file=733&amp;md5=f2ee49cd874f75a391cffe7c9a011a0ab381219d&amp;parameters%5B0%5D=YTo0OntzOjU6IndpZHRoIjtzOjQ6IjgwMG0iO3M6NjoiaGVpZ2h0IjtzOjQ6IjYw&amp;parameters%5B1%5D=MG0iO3M6NzoiYm9keVRhZyI7czo0MToiPGJvZHkgc3R5bGU9Im1hcmdpbjowOyBi&amp;parameters%5B2%5D=YWNrZ3JvdW5kOiNmZmY7Ij4iO3M6NDoid3JhcCI7czozNzoiPGEgaHJlZj0iamF2&amp;parameters%5B3%5D=YXNjcmlwdDpjbG9zZSgpOyI%2BIHwgPC9hPiI7fQ%3D%3D\" target=\"thePicture\"><img loading=\"lazy\" decoding=\"async\" class=\"alignleft\" src=\"https:\/\/hausamstrom.de\/fileadmin\/_processed_\/csm_Er%C3%B6ffnung_Allianz_Ausstellung_040_klein_1559571d6f.jpg\" alt=\"\" width=\"300\" height=\"200\" border=\"0\" \/><\/a>Fragen geht die Wanderausstellung \u201eNaturereignis Hochwasser\u201c nach, die am Mittwoch, 28. Mai, von Umweltminister Marcel Huber\u00a0 im \u201eHaus am Strom\u201c in Jochenstein er\u00f6ffnet wurde.<\/p>\n<p>&nbsp;<\/p>\n<p>Die Ausstellung \u201eNaturereignis Hochwasser\u201c\u00a0 begibt sich auf die Spur von Hochwassern, ihrer Entstehung und ihren Folgen. Initiatoren dieser Wanderausstellung sind die Allianz Umweltstiftung und die Verwaltung des Biosph\u00e4renreservats Mittelelbe. Gerade das Thema Hochwasser hat in der Region an Donau und Inn nicht zuletzt durch den anstehenden ersten Jahrestag der gro\u00dfen Flut vom Juni 2013 hohe Aktualit\u00e4t.<\/p>\n<p>&nbsp;<\/p>\n<p>Dass die Wahl f\u00fcr den Start-Ort auf das \u201eHaus am Strom\u201c f\u00e4llt, wertet stv. Landrat Raimund Kneidinger als besondere Auszeichnung f\u00fcr die Umweltbildungseinrichtung,\u00a0 die vom\u00a0 Bayerischen Staatsministerium f\u00fcr Umwelt und Verbraucherschutz qualifiziert und anerkannt ist. 2013 wurde die Ausstellung neu konzipiert\u00a0 und modernisiert.<\/p>\n<p>&nbsp;<\/p>\n<p>Als wichtige Ziele f\u00fcr die konkrete Umweltbildungsarbeit verweist der Landkreis in diesen Zusammenhang auf sein Engagement\u00a0 in der Schutzgebietsbetreuung. F\u00fcr das Naturschutzgebiet Donauleiten ist im \u201eHaus am Strom\u201c ein Biologe eingesetzt. Diese Schutzgebietsbetreuung wird von der Europ\u00e4ischen Union und vom Bayerischen Naturschutzfonds<\/p>\n<p>gef\u00f6rdert. Die EU-F\u00f6rderung f\u00e4llt ab 2015 weg. Daher richtet der Landkreis an die Staatsregierung die Bitte, hier einzuspringen<\/p>\n<p>&nbsp;<\/p>\n<p>Der\u00a0 Zentrumsleiter vom \u201eHaus am Strom\u201c, Ralf Braun,\u00a0 koordiniert den \u201eRunden Tisch der Umweltbildung\u201c in Niederbayern. In diesem Sinne w\u00fcnscht sich der Landkreis, dass im Zuge der Ausweitungen der Umweltstationen in Niederbayern auch die F\u00f6rdermittel aufgestockt werden.<\/p>\n<p>&nbsp;<\/p>\n<p>Die Ausstellung \u201eNaturereignis Hochwasser\u201c ist t\u00e4glich von 9 bis 18 Uhr zu sehen.<\/p>\n<\/div>\n","protected":false},"excerpt":{"rendered":"<p>Der stellvertretende Landrat Raimund Kneidinger, Altlandrat Hanns Dorfner, Umweltminister Dr. Marcel Huber, Dr. Lutz Spandau und Gesch\u00e4ftsf\u00fchrer G\u00fcnther Kohl pr\u00e4sentieren bei der neuen Ausstellung auch die neue Brosch\u00fcre der Allianz Umweltstiftung zum Hochwasser Ein Jahr nach der gro\u00dfen Flutkatastrophe: Umweltminister Dr. Marcel Huber er\u00f6ffnet Ausstellung \u2013 Bis 9. Juni t\u00e4glich zu sehen &nbsp; Sind die [&hellip;]<\/p>\n","protected":false},"author":1,"featured_media":0,"parent":784,"menu_order":0,"comment_status":"closed","ping_status":"closed","template":"","meta":{"footnotes":""},"class_list":["post-866","page","type-page","status-publish","hentry"],"yoast_head":"<!-- This site is optimized with the Yoast SEO plugin v27.4 - https:\/\/yoast.com\/product\/yoast-seo-wordpress\/ -->\n<title>Bundesweite Wanderausstellung zum Thema \u201eNaturereignis Hochwasser\u201c - Haus am Strom<\/title>\n<meta name=\"robots\" content=\"index, follow, max-snippet:-1, max-image-preview:large, max-video-preview:-1\" \/>\n<link rel=\"canonical\" href=\"https:\/\/www.hausamstrom.de\/de\/service\/archiv\/berichte-informationen-2014\/bundesweite-wanderausstellung-zum-thema-naturereignis-hochwasser\/\" \/>\n<meta property=\"og:locale\" content=\"de_DE\" \/>\n<meta property=\"og:type\" content=\"article\" \/>\n<meta property=\"og:title\" content=\"Bundesweite Wanderausstellung zum Thema \u201eNaturereignis Hochwasser\u201c - Haus am Strom\" \/>\n<meta property=\"og:description\" content=\"Der stellvertretende Landrat Raimund Kneidinger, Altlandrat Hanns Dorfner, Umweltminister Dr. Marcel Huber, Dr. Lutz Spandau und Gesch\u00e4ftsf\u00fchrer G\u00fcnther Kohl pr\u00e4sentieren bei der neuen Ausstellung auch die neue Brosch\u00fcre der Allianz Umweltstiftung zum Hochwasser Ein Jahr nach der gro\u00dfen Flutkatastrophe: Umweltminister Dr. Marcel Huber er\u00f6ffnet Ausstellung \u2013 Bis 9. Juni t\u00e4glich zu sehen &nbsp; Sind die [&hellip;]\" \/>\n<meta property=\"og:url\" content=\"https:\/\/www.hausamstrom.de\/de\/service\/archiv\/berichte-informationen-2014\/bundesweite-wanderausstellung-zum-thema-naturereignis-hochwasser\/\" \/>\n<meta property=\"og:site_name\" content=\"Haus am Strom\" \/>\n<meta property=\"article:publisher\" content=\"https:\/\/www.facebook.com\/hausamstrom\" \/>\n<meta property=\"article:modified_time\" content=\"2016-04-07T13:40:46+00:00\" \/>\n<meta property=\"og:image\" content=\"https:\/\/hausamstrom.de\/wp-content\/uploads\/2016\/04\/csm_Vernissage_Ausstellung_Allianz_klein_ec6c2f0139.jpg\" \/>\n<meta name=\"twitter:card\" content=\"summary_large_image\" \/>\n<meta name=\"twitter:label1\" content=\"Gesch\u00e4tzte Lesezeit\" \/>\n\t<meta name=\"twitter:data1\" content=\"2\u00a0Minuten\" \/>\n<script type=\"application\/ld+json\" class=\"yoast-schema-graph\">{\"@context\":\"https:\\\/\\\/schema.org\",\"@graph\":[{\"@type\":\"WebPage\",\"@id\":\"https:\\\/\\\/www.hausamstrom.de\\\/de\\\/service\\\/archiv\\\/berichte-informationen-2014\\\/bundesweite-wanderausstellung-zum-thema-naturereignis-hochwasser\\\/\",\"url\":\"https:\\\/\\\/www.hausamstrom.de\\\/de\\\/service\\\/archiv\\\/berichte-informationen-2014\\\/bundesweite-wanderausstellung-zum-thema-naturereignis-hochwasser\\\/\",\"name\":\"Bundesweite Wanderausstellung zum Thema \u201eNaturereignis Hochwasser\u201c - Haus am Strom\",\"isPartOf\":{\"@id\":\"https:\\\/\\\/www.hausamstrom.de\\\/de\\\/#website\"},\"primaryImageOfPage\":{\"@id\":\"https:\\\/\\\/www.hausamstrom.de\\\/de\\\/service\\\/archiv\\\/berichte-informationen-2014\\\/bundesweite-wanderausstellung-zum-thema-naturereignis-hochwasser\\\/#primaryimage\"},\"image\":{\"@id\":\"https:\\\/\\\/www.hausamstrom.de\\\/de\\\/service\\\/archiv\\\/berichte-informationen-2014\\\/bundesweite-wanderausstellung-zum-thema-naturereignis-hochwasser\\\/#primaryimage\"},\"thumbnailUrl\":\"https:\\\/\\\/hausamstrom.de\\\/wp-content\\\/uploads\\\/2016\\\/04\\\/csm_Vernissage_Ausstellung_Allianz_klein_ec6c2f0139.jpg\",\"datePublished\":\"2016-04-07T13:35:27+00:00\",\"dateModified\":\"2016-04-07T13:40:46+00:00\",\"breadcrumb\":{\"@id\":\"https:\\\/\\\/www.hausamstrom.de\\\/de\\\/service\\\/archiv\\\/berichte-informationen-2014\\\/bundesweite-wanderausstellung-zum-thema-naturereignis-hochwasser\\\/#breadcrumb\"},\"inLanguage\":\"de\",\"potentialAction\":[{\"@type\":\"ReadAction\",\"target\":[\"https:\\\/\\\/www.hausamstrom.de\\\/de\\\/service\\\/archiv\\\/berichte-informationen-2014\\\/bundesweite-wanderausstellung-zum-thema-naturereignis-hochwasser\\\/\"]}]},{\"@type\":\"ImageObject\",\"inLanguage\":\"de\",\"@id\":\"https:\\\/\\\/www.hausamstrom.de\\\/de\\\/service\\\/archiv\\\/berichte-informationen-2014\\\/bundesweite-wanderausstellung-zum-thema-naturereignis-hochwasser\\\/#primaryimage\",\"url\":\"https:\\\/\\\/hausamstrom.de\\\/wp-content\\\/uploads\\\/2016\\\/04\\\/csm_Vernissage_Ausstellung_Allianz_klein_ec6c2f0139.jpg\",\"contentUrl\":\"https:\\\/\\\/hausamstrom.de\\\/wp-content\\\/uploads\\\/2016\\\/04\\\/csm_Vernissage_Ausstellung_Allianz_klein_ec6c2f0139.jpg\"},{\"@type\":\"BreadcrumbList\",\"@id\":\"https:\\\/\\\/www.hausamstrom.de\\\/de\\\/service\\\/archiv\\\/berichte-informationen-2014\\\/bundesweite-wanderausstellung-zum-thema-naturereignis-hochwasser\\\/#breadcrumb\",\"itemListElement\":[{\"@type\":\"ListItem\",\"position\":1,\"name\":\"Home\",\"item\":\"https:\\\/\\\/www.hausamstrom.de\\\/de\\\/\"},{\"@type\":\"ListItem\",\"position\":2,\"name\":\"Service\",\"item\":\"https:\\\/\\\/www.hausamstrom.de\\\/de\\\/service\\\/\"},{\"@type\":\"ListItem\",\"position\":3,\"name\":\"Archiv\",\"item\":\"https:\\\/\\\/www.hausamstrom.de\\\/de\\\/service\\\/archiv\\\/\"},{\"@type\":\"ListItem\",\"position\":4,\"name\":\"Berichte &#038; Informationen 2014\",\"item\":\"https:\\\/\\\/www.hausamstrom.de\\\/de\\\/service\\\/archiv\\\/berichte-informationen-2014\\\/\"},{\"@type\":\"ListItem\",\"position\":5,\"name\":\"Bundesweite Wanderausstellung zum Thema \u201eNaturereignis Hochwasser\u201c\"}]},{\"@type\":\"WebSite\",\"@id\":\"https:\\\/\\\/www.hausamstrom.de\\\/de\\\/#website\",\"url\":\"https:\\\/\\\/www.hausamstrom.de\\\/de\\\/\",\"name\":\"Haus am Strom\",\"description\":\"Umweltbildungsstation im Passauer Donautal. Umweltbildung und Naturschutz f\u00fcr Kinder und Erwachsenen.\",\"publisher\":{\"@id\":\"https:\\\/\\\/www.hausamstrom.de\\\/de\\\/#organization\"},\"potentialAction\":[{\"@type\":\"SearchAction\",\"target\":{\"@type\":\"EntryPoint\",\"urlTemplate\":\"https:\\\/\\\/www.hausamstrom.de\\\/de\\\/?s={search_term_string}\"},\"query-input\":{\"@type\":\"PropertyValueSpecification\",\"valueRequired\":true,\"valueName\":\"search_term_string\"}}],\"inLanguage\":\"de\"},{\"@type\":\"Organization\",\"@id\":\"https:\\\/\\\/www.hausamstrom.de\\\/de\\\/#organization\",\"name\":\"Haus am Strom\",\"url\":\"https:\\\/\\\/www.hausamstrom.de\\\/de\\\/\",\"logo\":{\"@type\":\"ImageObject\",\"inLanguage\":\"de\",\"@id\":\"https:\\\/\\\/www.hausamstrom.de\\\/de\\\/#\\\/schema\\\/logo\\\/image\\\/\",\"url\":\"https:\\\/\\\/www.hausamstrom.de\\\/wp-content\\\/uploads\\\/2025\\\/06\\\/Logo-quadratisch-1024x1024.jpg\",\"contentUrl\":\"https:\\\/\\\/www.hausamstrom.de\\\/wp-content\\\/uploads\\\/2025\\\/06\\\/Logo-quadratisch-1024x1024.jpg\",\"width\":1024,\"height\":1024,\"caption\":\"Haus am Strom\"},\"image\":{\"@id\":\"https:\\\/\\\/www.hausamstrom.de\\\/de\\\/#\\\/schema\\\/logo\\\/image\\\/\"},\"sameAs\":[\"https:\\\/\\\/www.facebook.com\\\/hausamstrom\",\"https:\\\/\\\/www.instagram.com\\\/\"]}]}<\/script>\n<!-- \/ Yoast SEO plugin. -->","yoast_head_json":{"title":"Bundesweite Wanderausstellung zum Thema \u201eNaturereignis Hochwasser\u201c - Haus am Strom","robots":{"index":"index","follow":"follow","max-snippet":"max-snippet:-1","max-image-preview":"max-image-preview:large","max-video-preview":"max-video-preview:-1"},"canonical":"https:\/\/www.hausamstrom.de\/de\/service\/archiv\/berichte-informationen-2014\/bundesweite-wanderausstellung-zum-thema-naturereignis-hochwasser\/","og_locale":"de_DE","og_type":"article","og_title":"Bundesweite Wanderausstellung zum Thema \u201eNaturereignis Hochwasser\u201c - Haus am Strom","og_description":"Der stellvertretende Landrat Raimund Kneidinger, Altlandrat Hanns Dorfner, Umweltminister Dr. Marcel Huber, Dr. Lutz Spandau und Gesch\u00e4ftsf\u00fchrer G\u00fcnther Kohl pr\u00e4sentieren bei der neuen Ausstellung auch die neue Brosch\u00fcre der Allianz Umweltstiftung zum Hochwasser Ein Jahr nach der gro\u00dfen Flutkatastrophe: Umweltminister Dr. Marcel Huber er\u00f6ffnet Ausstellung \u2013 Bis 9. Juni t\u00e4glich zu sehen &nbsp; Sind die [&hellip;]","og_url":"https:\/\/www.hausamstrom.de\/de\/service\/archiv\/berichte-informationen-2014\/bundesweite-wanderausstellung-zum-thema-naturereignis-hochwasser\/","og_site_name":"Haus am Strom","article_publisher":"https:\/\/www.facebook.com\/hausamstrom","article_modified_time":"2016-04-07T13:40:46+00:00","og_image":[{"url":"https:\/\/hausamstrom.de\/wp-content\/uploads\/2016\/04\/csm_Vernissage_Ausstellung_Allianz_klein_ec6c2f0139.jpg","type":"","width":"","height":""}],"twitter_card":"summary_large_image","twitter_misc":{"Gesch\u00e4tzte Lesezeit":"2\u00a0Minuten"},"schema":{"@context":"https:\/\/schema.org","@graph":[{"@type":"WebPage","@id":"https:\/\/www.hausamstrom.de\/de\/service\/archiv\/berichte-informationen-2014\/bundesweite-wanderausstellung-zum-thema-naturereignis-hochwasser\/","url":"https:\/\/www.hausamstrom.de\/de\/service\/archiv\/berichte-informationen-2014\/bundesweite-wanderausstellung-zum-thema-naturereignis-hochwasser\/","name":"Bundesweite Wanderausstellung zum Thema \u201eNaturereignis Hochwasser\u201c - Haus am Strom","isPartOf":{"@id":"https:\/\/www.hausamstrom.de\/de\/#website"},"primaryImageOfPage":{"@id":"https:\/\/www.hausamstrom.de\/de\/service\/archiv\/berichte-informationen-2014\/bundesweite-wanderausstellung-zum-thema-naturereignis-hochwasser\/#primaryimage"},"image":{"@id":"https:\/\/www.hausamstrom.de\/de\/service\/archiv\/berichte-informationen-2014\/bundesweite-wanderausstellung-zum-thema-naturereignis-hochwasser\/#primaryimage"},"thumbnailUrl":"https:\/\/hausamstrom.de\/wp-content\/uploads\/2016\/04\/csm_Vernissage_Ausstellung_Allianz_klein_ec6c2f0139.jpg","datePublished":"2016-04-07T13:35:27+00:00","dateModified":"2016-04-07T13:40:46+00:00","breadcrumb":{"@id":"https:\/\/www.hausamstrom.de\/de\/service\/archiv\/berichte-informationen-2014\/bundesweite-wanderausstellung-zum-thema-naturereignis-hochwasser\/#breadcrumb"},"inLanguage":"de","potentialAction":[{"@type":"ReadAction","target":["https:\/\/www.hausamstrom.de\/de\/service\/archiv\/berichte-informationen-2014\/bundesweite-wanderausstellung-zum-thema-naturereignis-hochwasser\/"]}]},{"@type":"ImageObject","inLanguage":"de","@id":"https:\/\/www.hausamstrom.de\/de\/service\/archiv\/berichte-informationen-2014\/bundesweite-wanderausstellung-zum-thema-naturereignis-hochwasser\/#primaryimage","url":"https:\/\/hausamstrom.de\/wp-content\/uploads\/2016\/04\/csm_Vernissage_Ausstellung_Allianz_klein_ec6c2f0139.jpg","contentUrl":"https:\/\/hausamstrom.de\/wp-content\/uploads\/2016\/04\/csm_Vernissage_Ausstellung_Allianz_klein_ec6c2f0139.jpg"},{"@type":"BreadcrumbList","@id":"https:\/\/www.hausamstrom.de\/de\/service\/archiv\/berichte-informationen-2014\/bundesweite-wanderausstellung-zum-thema-naturereignis-hochwasser\/#breadcrumb","itemListElement":[{"@type":"ListItem","position":1,"name":"Home","item":"https:\/\/www.hausamstrom.de\/de\/"},{"@type":"ListItem","position":2,"name":"Service","item":"https:\/\/www.hausamstrom.de\/de\/service\/"},{"@type":"ListItem","position":3,"name":"Archiv","item":"https:\/\/www.hausamstrom.de\/de\/service\/archiv\/"},{"@type":"ListItem","position":4,"name":"Berichte &#038; Informationen 2014","item":"https:\/\/www.hausamstrom.de\/de\/service\/archiv\/berichte-informationen-2014\/"},{"@type":"ListItem","position":5,"name":"Bundesweite Wanderausstellung zum Thema \u201eNaturereignis Hochwasser\u201c"}]},{"@type":"WebSite","@id":"https:\/\/www.hausamstrom.de\/de\/#website","url":"https:\/\/www.hausamstrom.de\/de\/","name":"Haus am Strom","description":"Umweltbildungsstation im Passauer Donautal. Umweltbildung und Naturschutz f\u00fcr Kinder und Erwachsenen.","publisher":{"@id":"https:\/\/www.hausamstrom.de\/de\/#organization"},"potentialAction":[{"@type":"SearchAction","target":{"@type":"EntryPoint","urlTemplate":"https:\/\/www.hausamstrom.de\/de\/?s={search_term_string}"},"query-input":{"@type":"PropertyValueSpecification","valueRequired":true,"valueName":"search_term_string"}}],"inLanguage":"de"},{"@type":"Organization","@id":"https:\/\/www.hausamstrom.de\/de\/#organization","name":"Haus am Strom","url":"https:\/\/www.hausamstrom.de\/de\/","logo":{"@type":"ImageObject","inLanguage":"de","@id":"https:\/\/www.hausamstrom.de\/de\/#\/schema\/logo\/image\/","url":"https:\/\/www.hausamstrom.de\/wp-content\/uploads\/2025\/06\/Logo-quadratisch-1024x1024.jpg","contentUrl":"https:\/\/www.hausamstrom.de\/wp-content\/uploads\/2025\/06\/Logo-quadratisch-1024x1024.jpg","width":1024,"height":1024,"caption":"Haus am Strom"},"image":{"@id":"https:\/\/www.hausamstrom.de\/de\/#\/schema\/logo\/image\/"},"sameAs":["https:\/\/www.facebook.com\/hausamstrom","https:\/\/www.instagram.com\/"]}]}},"_links":{"self":[{"href":"https:\/\/www.hausamstrom.de\/de\/wp-json\/wp\/v2\/pages\/866","targetHints":{"allow":["GET"]}}],"collection":[{"href":"https:\/\/www.hausamstrom.de\/de\/wp-json\/wp\/v2\/pages"}],"about":[{"href":"https:\/\/www.hausamstrom.de\/de\/wp-json\/wp\/v2\/types\/page"}],"author":[{"embeddable":true,"href":"https:\/\/www.hausamstrom.de\/de\/wp-json\/wp\/v2\/users\/1"}],"replies":[{"embeddable":true,"href":"https:\/\/www.hausamstrom.de\/de\/wp-json\/wp\/v2\/comments?post=866"}],"version-history":[{"count":3,"href":"https:\/\/www.hausamstrom.de\/de\/wp-json\/wp\/v2\/pages\/866\/revisions"}],"predecessor-version":[{"id":870,"href":"https:\/\/www.hausamstrom.de\/de\/wp-json\/wp\/v2\/pages\/866\/revisions\/870"}],"up":[{"embeddable":true,"href":"https:\/\/www.hausamstrom.de\/de\/wp-json\/wp\/v2\/pages\/784"}],"wp:attachment":[{"href":"https:\/\/www.hausamstrom.de\/de\/wp-json\/wp\/v2\/media?parent=866"}],"curies":[{"name":"wp","href":"https:\/\/api.w.org\/{rel}","templated":true}]}}