{"id":889,"date":"2016-04-07T16:25:25","date_gmt":"2016-04-07T14:25:25","guid":{"rendered":"http:\/\/hosting6807.af944.netcup.net\/?page_id=889"},"modified":"2016-04-07T16:25:26","modified_gmt":"2016-04-07T14:25:26","slug":"verleihung-der-baptist-kitzlinger-medaillie-an-friedrich-bernhofer","status":"publish","type":"page","link":"https:\/\/www.hausamstrom.de\/de\/service\/archiv\/berichte-informationen-2014\/verleihung-der-baptist-kitzlinger-medaillie-an-friedrich-bernhofer\/","title":{"rendered":"Verleihung der Baptist-Kitzlinger-Medaillie an Friedrich Bernhofer"},"content":{"rendered":"<div class=\"csc-textpic-imagewrap\"><img loading=\"lazy\" decoding=\"async\" src=\"https:\/\/hausamstrom.de\/fileadmin\/_processed_\/csm_Baptist_Kitzlinger_Medaillie_014_4eff01e1f3.jpg\" alt=\"\" width=\"500\" height=\"334\" border=\"0\" \/><\/div>\n<div class=\"csc-textpic-imagewrap\">Landrat Mayer ehrt Friedrich Bernhofer<\/div>\n<div class=\"csc-textpic-imagewrap\"><\/div>\n<div class=\"csc-textpic-text\">\n<p>Landrat Franz Meyer verlieh die Baptist-Kitzlinger-Medaillie an Friedrich Bernhofer. Bernhofer habe sich in vielfacher Weise um den Landkreis Passau verdient gemacht, immer wieder sei durch sein Zutun die Zusammenarbeit \u00fcber die Grenze erst m\u00f6glich gemacht worden. Symboltr\u00e4chtig auch der Ort der Verleihung &#8211; das Haus am Strom. Auch dieses Projekt sei durch seine Unterst\u00fctzung erst m\u00f6glich geworden. Bernhofer schied im letzten Jahr aus dem Ober\u00f6sterreichischen Landtag aus und immer noch f\u00fcr die Werbegemeinschaft Donau Ober\u00f6sterreich t\u00e4tig, wo er auch die drei Gemeinden aus dem Landkreis Passau mit vertritt.<\/p>\n<\/div>\n","protected":false},"excerpt":{"rendered":"<p>Landrat Mayer ehrt Friedrich Bernhofer Landrat Franz Meyer verlieh die Baptist-Kitzlinger-Medaillie an Friedrich Bernhofer. Bernhofer habe sich in vielfacher Weise um den Landkreis Passau verdient gemacht, immer wieder sei durch sein Zutun die Zusammenarbeit \u00fcber die Grenze erst m\u00f6glich gemacht worden. Symboltr\u00e4chtig auch der Ort der Verleihung &#8211; das Haus am Strom. Auch dieses Projekt [&hellip;]<\/p>\n","protected":false},"author":1,"featured_media":0,"parent":784,"menu_order":0,"comment_status":"closed","ping_status":"closed","template":"","meta":{"footnotes":""},"class_list":["post-889","page","type-page","status-publish","hentry"],"yoast_head":"<!-- This site is optimized with the Yoast SEO plugin v27.4 - https:\/\/yoast.com\/product\/yoast-seo-wordpress\/ -->\n<title>Verleihung der Baptist-Kitzlinger-Medaillie an Friedrich Bernhofer - Haus am Strom<\/title>\n<meta name=\"robots\" content=\"index, follow, max-snippet:-1, max-image-preview:large, max-video-preview:-1\" \/>\n<link rel=\"canonical\" href=\"https:\/\/www.hausamstrom.de\/de\/service\/archiv\/berichte-informationen-2014\/verleihung-der-baptist-kitzlinger-medaillie-an-friedrich-bernhofer\/\" \/>\n<meta property=\"og:locale\" content=\"de_DE\" \/>\n<meta property=\"og:type\" content=\"article\" \/>\n<meta property=\"og:title\" content=\"Verleihung der Baptist-Kitzlinger-Medaillie an Friedrich Bernhofer - Haus am Strom\" \/>\n<meta property=\"og:description\" content=\"Landrat Mayer ehrt Friedrich Bernhofer Landrat Franz Meyer verlieh die Baptist-Kitzlinger-Medaillie an Friedrich Bernhofer. Bernhofer habe sich in vielfacher Weise um den Landkreis Passau verdient gemacht, immer wieder sei durch sein Zutun die Zusammenarbeit \u00fcber die Grenze erst m\u00f6glich gemacht worden. Symboltr\u00e4chtig auch der Ort der Verleihung &#8211; das Haus am Strom. Auch dieses Projekt [&hellip;]\" \/>\n<meta property=\"og:url\" content=\"https:\/\/www.hausamstrom.de\/de\/service\/archiv\/berichte-informationen-2014\/verleihung-der-baptist-kitzlinger-medaillie-an-friedrich-bernhofer\/\" \/>\n<meta property=\"og:site_name\" content=\"Haus am Strom\" \/>\n<meta property=\"article:publisher\" content=\"https:\/\/www.facebook.com\/hausamstrom\" \/>\n<meta property=\"article:modified_time\" content=\"2016-04-07T14:25:26+00:00\" \/>\n<meta property=\"og:image\" content=\"https:\/\/hausamstrom.de\/fileadmin\/_processed_\/csm_Baptist_Kitzlinger_Medaillie_014_4eff01e1f3.jpg\" \/>\n<meta name=\"twitter:card\" content=\"summary_large_image\" \/>\n<meta name=\"twitter:label1\" content=\"Gesch\u00e4tzte Lesezeit\" \/>\n\t<meta name=\"twitter:data1\" content=\"1\u00a0Minute\" \/>\n<script type=\"application\/ld+json\" class=\"yoast-schema-graph\">{\"@context\":\"https:\\\/\\\/schema.org\",\"@graph\":[{\"@type\":\"WebPage\",\"@id\":\"https:\\\/\\\/www.hausamstrom.de\\\/de\\\/service\\\/archiv\\\/berichte-informationen-2014\\\/verleihung-der-baptist-kitzlinger-medaillie-an-friedrich-bernhofer\\\/\",\"url\":\"https:\\\/\\\/www.hausamstrom.de\\\/de\\\/service\\\/archiv\\\/berichte-informationen-2014\\\/verleihung-der-baptist-kitzlinger-medaillie-an-friedrich-bernhofer\\\/\",\"name\":\"Verleihung der Baptist-Kitzlinger-Medaillie an Friedrich Bernhofer - Haus am Strom\",\"isPartOf\":{\"@id\":\"https:\\\/\\\/www.hausamstrom.de\\\/de\\\/#website\"},\"primaryImageOfPage\":{\"@id\":\"https:\\\/\\\/www.hausamstrom.de\\\/de\\\/service\\\/archiv\\\/berichte-informationen-2014\\\/verleihung-der-baptist-kitzlinger-medaillie-an-friedrich-bernhofer\\\/#primaryimage\"},\"image\":{\"@id\":\"https:\\\/\\\/www.hausamstrom.de\\\/de\\\/service\\\/archiv\\\/berichte-informationen-2014\\\/verleihung-der-baptist-kitzlinger-medaillie-an-friedrich-bernhofer\\\/#primaryimage\"},\"thumbnailUrl\":\"https:\\\/\\\/hausamstrom.de\\\/fileadmin\\\/_processed_\\\/csm_Baptist_Kitzlinger_Medaillie_014_4eff01e1f3.jpg\",\"datePublished\":\"2016-04-07T14:25:25+00:00\",\"dateModified\":\"2016-04-07T14:25:26+00:00\",\"breadcrumb\":{\"@id\":\"https:\\\/\\\/www.hausamstrom.de\\\/de\\\/service\\\/archiv\\\/berichte-informationen-2014\\\/verleihung-der-baptist-kitzlinger-medaillie-an-friedrich-bernhofer\\\/#breadcrumb\"},\"inLanguage\":\"de\",\"potentialAction\":[{\"@type\":\"ReadAction\",\"target\":[\"https:\\\/\\\/www.hausamstrom.de\\\/de\\\/service\\\/archiv\\\/berichte-informationen-2014\\\/verleihung-der-baptist-kitzlinger-medaillie-an-friedrich-bernhofer\\\/\"]}]},{\"@type\":\"ImageObject\",\"inLanguage\":\"de\",\"@id\":\"https:\\\/\\\/www.hausamstrom.de\\\/de\\\/service\\\/archiv\\\/berichte-informationen-2014\\\/verleihung-der-baptist-kitzlinger-medaillie-an-friedrich-bernhofer\\\/#primaryimage\",\"url\":\"https:\\\/\\\/hausamstrom.de\\\/fileadmin\\\/_processed_\\\/csm_Baptist_Kitzlinger_Medaillie_014_4eff01e1f3.jpg\",\"contentUrl\":\"https:\\\/\\\/hausamstrom.de\\\/fileadmin\\\/_processed_\\\/csm_Baptist_Kitzlinger_Medaillie_014_4eff01e1f3.jpg\"},{\"@type\":\"BreadcrumbList\",\"@id\":\"https:\\\/\\\/www.hausamstrom.de\\\/de\\\/service\\\/archiv\\\/berichte-informationen-2014\\\/verleihung-der-baptist-kitzlinger-medaillie-an-friedrich-bernhofer\\\/#breadcrumb\",\"itemListElement\":[{\"@type\":\"ListItem\",\"position\":1,\"name\":\"Home\",\"item\":\"https:\\\/\\\/www.hausamstrom.de\\\/de\\\/\"},{\"@type\":\"ListItem\",\"position\":2,\"name\":\"Service\",\"item\":\"https:\\\/\\\/www.hausamstrom.de\\\/de\\\/service\\\/\"},{\"@type\":\"ListItem\",\"position\":3,\"name\":\"Archiv\",\"item\":\"https:\\\/\\\/www.hausamstrom.de\\\/de\\\/service\\\/archiv\\\/\"},{\"@type\":\"ListItem\",\"position\":4,\"name\":\"Berichte &#038; Informationen 2014\",\"item\":\"https:\\\/\\\/www.hausamstrom.de\\\/de\\\/service\\\/archiv\\\/berichte-informationen-2014\\\/\"},{\"@type\":\"ListItem\",\"position\":5,\"name\":\"Verleihung der Baptist-Kitzlinger-Medaillie an Friedrich Bernhofer\"}]},{\"@type\":\"WebSite\",\"@id\":\"https:\\\/\\\/www.hausamstrom.de\\\/de\\\/#website\",\"url\":\"https:\\\/\\\/www.hausamstrom.de\\\/de\\\/\",\"name\":\"Haus am Strom\",\"description\":\"Umweltbildungsstation im Passauer Donautal. Umweltbildung und Naturschutz f\u00fcr Kinder und Erwachsenen.\",\"publisher\":{\"@id\":\"https:\\\/\\\/www.hausamstrom.de\\\/de\\\/#organization\"},\"potentialAction\":[{\"@type\":\"SearchAction\",\"target\":{\"@type\":\"EntryPoint\",\"urlTemplate\":\"https:\\\/\\\/www.hausamstrom.de\\\/de\\\/?s={search_term_string}\"},\"query-input\":{\"@type\":\"PropertyValueSpecification\",\"valueRequired\":true,\"valueName\":\"search_term_string\"}}],\"inLanguage\":\"de\"},{\"@type\":\"Organization\",\"@id\":\"https:\\\/\\\/www.hausamstrom.de\\\/de\\\/#organization\",\"name\":\"Haus am Strom\",\"url\":\"https:\\\/\\\/www.hausamstrom.de\\\/de\\\/\",\"logo\":{\"@type\":\"ImageObject\",\"inLanguage\":\"de\",\"@id\":\"https:\\\/\\\/www.hausamstrom.de\\\/de\\\/#\\\/schema\\\/logo\\\/image\\\/\",\"url\":\"https:\\\/\\\/www.hausamstrom.de\\\/wp-content\\\/uploads\\\/2025\\\/06\\\/Logo-quadratisch-1024x1024.jpg\",\"contentUrl\":\"https:\\\/\\\/www.hausamstrom.de\\\/wp-content\\\/uploads\\\/2025\\\/06\\\/Logo-quadratisch-1024x1024.jpg\",\"width\":1024,\"height\":1024,\"caption\":\"Haus am Strom\"},\"image\":{\"@id\":\"https:\\\/\\\/www.hausamstrom.de\\\/de\\\/#\\\/schema\\\/logo\\\/image\\\/\"},\"sameAs\":[\"https:\\\/\\\/www.facebook.com\\\/hausamstrom\",\"https:\\\/\\\/www.instagram.com\\\/\"]}]}<\/script>\n<!-- \/ Yoast SEO plugin. -->","yoast_head_json":{"title":"Verleihung der Baptist-Kitzlinger-Medaillie an Friedrich Bernhofer - Haus am Strom","robots":{"index":"index","follow":"follow","max-snippet":"max-snippet:-1","max-image-preview":"max-image-preview:large","max-video-preview":"max-video-preview:-1"},"canonical":"https:\/\/www.hausamstrom.de\/de\/service\/archiv\/berichte-informationen-2014\/verleihung-der-baptist-kitzlinger-medaillie-an-friedrich-bernhofer\/","og_locale":"de_DE","og_type":"article","og_title":"Verleihung der Baptist-Kitzlinger-Medaillie an Friedrich Bernhofer - Haus am Strom","og_description":"Landrat Mayer ehrt Friedrich Bernhofer Landrat Franz Meyer verlieh die Baptist-Kitzlinger-Medaillie an Friedrich Bernhofer. Bernhofer habe sich in vielfacher Weise um den Landkreis Passau verdient gemacht, immer wieder sei durch sein Zutun die Zusammenarbeit \u00fcber die Grenze erst m\u00f6glich gemacht worden. Symboltr\u00e4chtig auch der Ort der Verleihung &#8211; das Haus am Strom. Auch dieses Projekt [&hellip;]","og_url":"https:\/\/www.hausamstrom.de\/de\/service\/archiv\/berichte-informationen-2014\/verleihung-der-baptist-kitzlinger-medaillie-an-friedrich-bernhofer\/","og_site_name":"Haus am Strom","article_publisher":"https:\/\/www.facebook.com\/hausamstrom","article_modified_time":"2016-04-07T14:25:26+00:00","og_image":[{"url":"https:\/\/hausamstrom.de\/fileadmin\/_processed_\/csm_Baptist_Kitzlinger_Medaillie_014_4eff01e1f3.jpg","type":"","width":"","height":""}],"twitter_card":"summary_large_image","twitter_misc":{"Gesch\u00e4tzte Lesezeit":"1\u00a0Minute"},"schema":{"@context":"https:\/\/schema.org","@graph":[{"@type":"WebPage","@id":"https:\/\/www.hausamstrom.de\/de\/service\/archiv\/berichte-informationen-2014\/verleihung-der-baptist-kitzlinger-medaillie-an-friedrich-bernhofer\/","url":"https:\/\/www.hausamstrom.de\/de\/service\/archiv\/berichte-informationen-2014\/verleihung-der-baptist-kitzlinger-medaillie-an-friedrich-bernhofer\/","name":"Verleihung der Baptist-Kitzlinger-Medaillie an Friedrich Bernhofer - Haus am Strom","isPartOf":{"@id":"https:\/\/www.hausamstrom.de\/de\/#website"},"primaryImageOfPage":{"@id":"https:\/\/www.hausamstrom.de\/de\/service\/archiv\/berichte-informationen-2014\/verleihung-der-baptist-kitzlinger-medaillie-an-friedrich-bernhofer\/#primaryimage"},"image":{"@id":"https:\/\/www.hausamstrom.de\/de\/service\/archiv\/berichte-informationen-2014\/verleihung-der-baptist-kitzlinger-medaillie-an-friedrich-bernhofer\/#primaryimage"},"thumbnailUrl":"https:\/\/hausamstrom.de\/fileadmin\/_processed_\/csm_Baptist_Kitzlinger_Medaillie_014_4eff01e1f3.jpg","datePublished":"2016-04-07T14:25:25+00:00","dateModified":"2016-04-07T14:25:26+00:00","breadcrumb":{"@id":"https:\/\/www.hausamstrom.de\/de\/service\/archiv\/berichte-informationen-2014\/verleihung-der-baptist-kitzlinger-medaillie-an-friedrich-bernhofer\/#breadcrumb"},"inLanguage":"de","potentialAction":[{"@type":"ReadAction","target":["https:\/\/www.hausamstrom.de\/de\/service\/archiv\/berichte-informationen-2014\/verleihung-der-baptist-kitzlinger-medaillie-an-friedrich-bernhofer\/"]}]},{"@type":"ImageObject","inLanguage":"de","@id":"https:\/\/www.hausamstrom.de\/de\/service\/archiv\/berichte-informationen-2014\/verleihung-der-baptist-kitzlinger-medaillie-an-friedrich-bernhofer\/#primaryimage","url":"https:\/\/hausamstrom.de\/fileadmin\/_processed_\/csm_Baptist_Kitzlinger_Medaillie_014_4eff01e1f3.jpg","contentUrl":"https:\/\/hausamstrom.de\/fileadmin\/_processed_\/csm_Baptist_Kitzlinger_Medaillie_014_4eff01e1f3.jpg"},{"@type":"BreadcrumbList","@id":"https:\/\/www.hausamstrom.de\/de\/service\/archiv\/berichte-informationen-2014\/verleihung-der-baptist-kitzlinger-medaillie-an-friedrich-bernhofer\/#breadcrumb","itemListElement":[{"@type":"ListItem","position":1,"name":"Home","item":"https:\/\/www.hausamstrom.de\/de\/"},{"@type":"ListItem","position":2,"name":"Service","item":"https:\/\/www.hausamstrom.de\/de\/service\/"},{"@type":"ListItem","position":3,"name":"Archiv","item":"https:\/\/www.hausamstrom.de\/de\/service\/archiv\/"},{"@type":"ListItem","position":4,"name":"Berichte &#038; Informationen 2014","item":"https:\/\/www.hausamstrom.de\/de\/service\/archiv\/berichte-informationen-2014\/"},{"@type":"ListItem","position":5,"name":"Verleihung der Baptist-Kitzlinger-Medaillie an Friedrich Bernhofer"}]},{"@type":"WebSite","@id":"https:\/\/www.hausamstrom.de\/de\/#website","url":"https:\/\/www.hausamstrom.de\/de\/","name":"Haus am Strom","description":"Umweltbildungsstation im Passauer Donautal. Umweltbildung und Naturschutz f\u00fcr Kinder und Erwachsenen.","publisher":{"@id":"https:\/\/www.hausamstrom.de\/de\/#organization"},"potentialAction":[{"@type":"SearchAction","target":{"@type":"EntryPoint","urlTemplate":"https:\/\/www.hausamstrom.de\/de\/?s={search_term_string}"},"query-input":{"@type":"PropertyValueSpecification","valueRequired":true,"valueName":"search_term_string"}}],"inLanguage":"de"},{"@type":"Organization","@id":"https:\/\/www.hausamstrom.de\/de\/#organization","name":"Haus am Strom","url":"https:\/\/www.hausamstrom.de\/de\/","logo":{"@type":"ImageObject","inLanguage":"de","@id":"https:\/\/www.hausamstrom.de\/de\/#\/schema\/logo\/image\/","url":"https:\/\/www.hausamstrom.de\/wp-content\/uploads\/2025\/06\/Logo-quadratisch-1024x1024.jpg","contentUrl":"https:\/\/www.hausamstrom.de\/wp-content\/uploads\/2025\/06\/Logo-quadratisch-1024x1024.jpg","width":1024,"height":1024,"caption":"Haus am Strom"},"image":{"@id":"https:\/\/www.hausamstrom.de\/de\/#\/schema\/logo\/image\/"},"sameAs":["https:\/\/www.facebook.com\/hausamstrom","https:\/\/www.instagram.com\/"]}]}},"_links":{"self":[{"href":"https:\/\/www.hausamstrom.de\/de\/wp-json\/wp\/v2\/pages\/889","targetHints":{"allow":["GET"]}}],"collection":[{"href":"https:\/\/www.hausamstrom.de\/de\/wp-json\/wp\/v2\/pages"}],"about":[{"href":"https:\/\/www.hausamstrom.de\/de\/wp-json\/wp\/v2\/types\/page"}],"author":[{"embeddable":true,"href":"https:\/\/www.hausamstrom.de\/de\/wp-json\/wp\/v2\/users\/1"}],"replies":[{"embeddable":true,"href":"https:\/\/www.hausamstrom.de\/de\/wp-json\/wp\/v2\/comments?post=889"}],"version-history":[{"count":1,"href":"https:\/\/www.hausamstrom.de\/de\/wp-json\/wp\/v2\/pages\/889\/revisions"}],"predecessor-version":[{"id":890,"href":"https:\/\/www.hausamstrom.de\/de\/wp-json\/wp\/v2\/pages\/889\/revisions\/890"}],"up":[{"embeddable":true,"href":"https:\/\/www.hausamstrom.de\/de\/wp-json\/wp\/v2\/pages\/784"}],"wp:attachment":[{"href":"https:\/\/www.hausamstrom.de\/de\/wp-json\/wp\/v2\/media?parent=889"}],"curies":[{"name":"wp","href":"https:\/\/api.w.org\/{rel}","templated":true}]}}