{"id":9,"date":"2016-02-04T18:17:06","date_gmt":"2016-02-04T17:17:06","guid":{"rendered":"http:\/\/hosting6807.af944.netcup.net\/impressum\/"},"modified":"2022-05-24T13:35:39","modified_gmt":"2022-05-24T11:35:39","slug":"impressum","status":"publish","type":"page","link":"https:\/\/www.hausamstrom.de\/de\/impressum\/","title":{"rendered":"Impressum"},"content":{"rendered":"<h3>Impressum Haus am Strom gGmbH<\/h3>\n<p>Gemeinn\u00fctzige Gesellschaft zum Betrieb des Zentrums f\u00fcr nachhaltiges Wirtschaften Haus am Strom Passau-Jochenstein-Engelhartszell gGmbH<\/p>\n<p>Unsere Gesellschafter finden Sie <a title=\"Opens internal link in current window\" href=\"https:\/\/hausamstrom.de\/?page_id=423&lang=de\">hier.<\/a><\/p>\n<h2>Angaben gem\u00e4\u00df \u00a7 5 TMG:<\/h2>\n<p>Gemeinn\u00fctzige Gesellschaft zum Betrieb des Zentrums f\u00fcr nachhaltiges Wirtschaften Haus am Strom Passau-Jochenstein-Engelhartszell gGmbH<br \/>\nAm Kraftwerk 4<br \/>\n94107 Untergriesbach<\/p>\n<h2>Vertreten durch:<\/h2>\n<p>Gemeinn\u00fctzige Gesellschaft zum Betrieb des Zentrums f\u00fcr nachhaltiges Wirtschaften Haus am Strom Passau-Jochenstein-Engelhartszell gGmbH, vertreten durch den Gesch\u00e4ftsf\u00fchrer Josef Heisl<\/p>\n<h2>Kontakt:<\/h2>\n<p>Telefon: +49(0)8591\/4629960<br \/>\nTelefax: +49(0)8591\/4629961<br \/>\nE-Mail: info[at]hausamstrom.de<br \/>\nInternet:\u00a0<a href=\"https:\/\/hausamstrom.de\/\" target=\"_blank\" rel=\"noopener noreferrer\">www.hausamstrom.de<\/a><\/p>\n<h2>Anschrift:<\/h2>\n<p>Am Kraftwerk 4<br \/>\nD-94107 Untergriesbach<\/p>\n<h2>Registereintrag:<\/h2>\n<p>Eintragung im Handelsregister.<br \/>\nRegistergericht: Amtsgericht Passau<br \/>\nRegisternummer: 5758<\/p>\n<p>\u00a0<\/p>\n<h2>Verantwortlich f\u00fcr den Inhalt nach \u00a7 55 Abs. 2 RStV:<\/h2>\n<p>Ralf Braun<br \/>\nAm Kraftwerk 4<br \/>\nJochenstein<br \/>\n94107 Untergriesbach<\/p>\n<p>Domplatz 11<br \/>\nD \u2013 94032 Passau<br \/>\nTel. +49(0)851\/397-600<br \/>\nFax\u00a0+49(0)851\/397-448<br \/>\ntourismus[\u00e4t]landkreis-passau.de<br \/>\n<a href=\"http:\/\/www.passauer-land.de\/\" target=\"_blank\" rel=\"noopener noreferrer\">www.passauer-land.de<\/a><\/p>\n<h2>Urheberrecht:<\/h2>\n<p>\u00a9 Haus am Strom gGmbH- alle Rechte vorbehalten.<\/p>\n<p>Falls nicht anders angegeben, unterliegen alle Seiten auf diesem Informationsserver dem Urheberrecht (Copyright).<\/p>\n<p>Eine Verlinkung auf die Seiten der Haus am Strom gGmbH\u00a0ist jederzeit ohne vorherige Genehmigung gestattet und erw\u00fcnscht.<\/p>\n<p>Weiterhin k\u00f6nnen Bilder, Grafiken, Text- oder sonstige Dateien ganz oder teilweise dem Urheberrecht Dritter unterliegen.Alle innerhalb des Internetangebotes genannten und ggf. durch Dritte gesch\u00fctzten Marken- und Warenzeichen unterliegen uneingeschr\u00e4nkt den Bestimmungen des jeweils g\u00fcltigen Kennzeichenrechts und den Besitzrechten der jeweiligen eingetragenen Eigent\u00fcmer. Allein aufgrund der blo\u00dfen Nennung in unserem Internetangebot ist nicht der Schluss zu ziehen, dass Markenzeichen nicht durch Rechte Dritter gesch\u00fctzt sind.<\/p>\n<h2>Streitschlichtung<\/h2>\n<p>Plattform der EU-Kommission zur Online-Streitbeilegung:\u00a0<a href=\"https:\/\/ec.europa.eu\/consumers\/odr\" target=\"_blank\" rel=\"noopener noreferrer\">https:\/\/ec.europa.eu\/consumers\/odr<\/a><\/p>\n<p>Wir sind nicht bereit an Streitbeilegungsverfahren vor einer Verbraucherschlichtungsstelle teilzunehmen.<\/p>\n<p>\u00a0<\/p>\n<h1>Disclaimer<\/h1>\n<h2>Haftung f\u00fcr Inhalte<\/h2>\n<p>Als Diensteanbieter sind wir gem\u00e4\u00df \u00a7 7 Abs.1 TMG f\u00fcr eigene Inhalte auf diesen Seiten nach den allgemeinen Gesetzen verantwortlich. Nach \u00a7\u00a7 8 bis 10 TMG sind wir als Diensteanbieter jedoch nicht verpflichtet, \u00fcbermittelte oder gespeicherte fremde Informationen zu \u00fcberwachen oder nach Umst\u00e4nden zu forschen, die auf eine rechtswidrige T\u00e4tigkeit hinweisen.<\/p>\n<p>Verpflichtungen zur Entfernung oder Sperrung der Nutzung von Informationen nach den allgemeinen Gesetzen bleiben hiervon unber\u00fchrt. Eine diesbez\u00fcgliche Haftung ist jedoch erst ab dem Zeitpunkt der Kenntnis einer konkreten Rechtsverletzung m\u00f6glich. Bei Bekanntwerden von entsprechenden Rechtsverletzungen werden wir diese Inhalte umgehend entfernen.<\/p>\n<h2>Haftung f\u00fcr Links<\/h2>\n<p>Unser Angebot enth\u00e4lt Links zu externen Webseiten Dritter, auf deren Inhalte wir keinen Einfluss haben. Deshalb k\u00f6nnen wir f\u00fcr diese fremden Inhalte auch keine Gew\u00e4hr \u00fcbernehmen. F\u00fcr die Inhalte der verlinkten Seiten ist stets der jeweilige Anbieter oder Betreiber der Seiten verantwortlich. Die verlinkten Seiten wurden zum Zeitpunkt der Verlinkung auf m\u00f6gliche Rechtsverst\u00f6\u00dfe \u00fcberpr\u00fcft. Rechtswidrige Inhalte waren zum Zeitpunkt der Verlinkung nicht erkennbar.<\/p>\n<p>Eine permanente inhaltliche Kontrolle der verlinkten Seiten ist jedoch ohne konkrete Anhaltspunkte einer Rechtsverletzung nicht zumutbar. Bei Bekanntwerden von Rechtsverletzungen werden wir derartige Links umgehend entfernen.<\/p>\n<h2>Urheberrecht<\/h2>\n<p>Die durch die Seitenbetreiber erstellten Inhalte und Werke auf diesen Seiten unterliegen dem deutschen Urheberrecht. Die Vervielf\u00e4ltigung, Bearbeitung, Verbreitung und jede Art der Verwertung au\u00dferhalb der Grenzen des Urheberrechtes bed\u00fcrfen der schriftlichen Zustimmung des jeweiligen Autors bzw. Erstellers. Downloads und Kopien dieser Seite sind nur f\u00fcr den privaten, nicht kommerziellen Gebrauch gestattet.<\/p>\n<p>Soweit die Inhalte auf dieser Seite nicht vom Betreiber erstellt wurden, werden die Urheberrechte Dritter beachtet. Insbesondere werden Inhalte Dritter als solche gekennzeichnet. Sollten Sie trotzdem auf eine Urheberrechtsverletzung aufmerksam werden, bitten wir um einen entsprechenden Hinweis. Bei Bekanntwerden von Rechtsverletzungen werden wir derartige Inhalte umgehend entfernen.<\/p>\n","protected":false},"excerpt":{"rendered":"<p>Impressum Haus am Strom gGmbH Gemeinn\u00fctzige Gesellschaft zum Betrieb des Zentrums f\u00fcr nachhaltiges Wirtschaften Haus am Strom Passau-Jochenstein-Engelhartszell gGmbH Unsere Gesellschafter finden Sie hier. Angaben gem\u00e4\u00df \u00a7 5 TMG: Gemeinn\u00fctzige Gesellschaft zum Betrieb des Zentrums f\u00fcr nachhaltiges Wirtschaften Haus am Strom Passau-Jochenstein-Engelhartszell gGmbH Am Kraftwerk 4 94107 Untergriesbach Vertreten durch: Gemeinn\u00fctzige Gesellschaft zum Betrieb des [&hellip;]<\/p>\n","protected":false},"author":1,"featured_media":0,"parent":0,"menu_order":25,"comment_status":"closed","ping_status":"closed","template":"","meta":{"footnotes":""},"class_list":["post-9","page","type-page","status-publish","hentry"],"yoast_head":"<!-- This site is optimized with the Yoast SEO plugin v27.5 - https:\/\/yoast.com\/product\/yoast-seo-wordpress\/ -->\n<title>Impressum - Haus am Strom<\/title>\n<meta name=\"robots\" content=\"index, follow, max-snippet:-1, max-image-preview:large, max-video-preview:-1\" \/>\n<link rel=\"canonical\" href=\"https:\/\/www.hausamstrom.de\/de\/impressum\/\" \/>\n<meta property=\"og:locale\" content=\"de_DE\" \/>\n<meta property=\"og:type\" content=\"article\" \/>\n<meta property=\"og:title\" content=\"Impressum - Haus am Strom\" \/>\n<meta property=\"og:description\" content=\"Impressum Haus am Strom gGmbH Gemeinn\u00fctzige Gesellschaft zum Betrieb des Zentrums f\u00fcr nachhaltiges Wirtschaften Haus am Strom Passau-Jochenstein-Engelhartszell gGmbH Unsere Gesellschafter finden Sie hier. Angaben gem\u00e4\u00df \u00a7 5 TMG: Gemeinn\u00fctzige Gesellschaft zum Betrieb des Zentrums f\u00fcr nachhaltiges Wirtschaften Haus am Strom Passau-Jochenstein-Engelhartszell gGmbH Am Kraftwerk 4 94107 Untergriesbach Vertreten durch: Gemeinn\u00fctzige Gesellschaft zum Betrieb des [&hellip;]\" \/>\n<meta property=\"og:url\" content=\"https:\/\/www.hausamstrom.de\/de\/impressum\/\" \/>\n<meta property=\"og:site_name\" content=\"Haus am Strom\" \/>\n<meta property=\"article:publisher\" content=\"https:\/\/www.facebook.com\/hausamstrom\" \/>\n<meta property=\"article:modified_time\" content=\"2022-05-24T11:35:39+00:00\" \/>\n<meta name=\"twitter:card\" content=\"summary_large_image\" \/>\n<meta name=\"twitter:label1\" content=\"Gesch\u00e4tzte Lesezeit\" \/>\n\t<meta name=\"twitter:data1\" content=\"3\u00a0Minuten\" \/>\n<script type=\"application\/ld+json\" class=\"yoast-schema-graph\">{\"@context\":\"https:\\\/\\\/schema.org\",\"@graph\":[{\"@type\":\"WebPage\",\"@id\":\"https:\\\/\\\/www.hausamstrom.de\\\/de\\\/impressum\\\/\",\"url\":\"https:\\\/\\\/www.hausamstrom.de\\\/de\\\/impressum\\\/\",\"name\":\"Impressum - Haus am Strom\",\"isPartOf\":{\"@id\":\"https:\\\/\\\/www.hausamstrom.de\\\/de\\\/#website\"},\"datePublished\":\"2016-02-04T17:17:06+00:00\",\"dateModified\":\"2022-05-24T11:35:39+00:00\",\"breadcrumb\":{\"@id\":\"https:\\\/\\\/www.hausamstrom.de\\\/de\\\/impressum\\\/#breadcrumb\"},\"inLanguage\":\"de\",\"potentialAction\":[{\"@type\":\"ReadAction\",\"target\":[\"https:\\\/\\\/www.hausamstrom.de\\\/de\\\/impressum\\\/\"]}]},{\"@type\":\"BreadcrumbList\",\"@id\":\"https:\\\/\\\/www.hausamstrom.de\\\/de\\\/impressum\\\/#breadcrumb\",\"itemListElement\":[{\"@type\":\"ListItem\",\"position\":1,\"name\":\"Home\",\"item\":\"https:\\\/\\\/www.hausamstrom.de\\\/de\\\/\"},{\"@type\":\"ListItem\",\"position\":2,\"name\":\"Impressum\"}]},{\"@type\":\"WebSite\",\"@id\":\"https:\\\/\\\/www.hausamstrom.de\\\/de\\\/#website\",\"url\":\"https:\\\/\\\/www.hausamstrom.de\\\/de\\\/\",\"name\":\"Haus am Strom\",\"description\":\"Umweltbildungsstation im Passauer Donautal. Umweltbildung und Naturschutz f\u00fcr Kinder und Erwachsenen.\",\"publisher\":{\"@id\":\"https:\\\/\\\/www.hausamstrom.de\\\/de\\\/#organization\"},\"potentialAction\":[{\"@type\":\"SearchAction\",\"target\":{\"@type\":\"EntryPoint\",\"urlTemplate\":\"https:\\\/\\\/www.hausamstrom.de\\\/de\\\/?s={search_term_string}\"},\"query-input\":{\"@type\":\"PropertyValueSpecification\",\"valueRequired\":true,\"valueName\":\"search_term_string\"}}],\"inLanguage\":\"de\"},{\"@type\":\"Organization\",\"@id\":\"https:\\\/\\\/www.hausamstrom.de\\\/de\\\/#organization\",\"name\":\"Haus am Strom\",\"url\":\"https:\\\/\\\/www.hausamstrom.de\\\/de\\\/\",\"logo\":{\"@type\":\"ImageObject\",\"inLanguage\":\"de\",\"@id\":\"https:\\\/\\\/www.hausamstrom.de\\\/de\\\/#\\\/schema\\\/logo\\\/image\\\/\",\"url\":\"https:\\\/\\\/www.hausamstrom.de\\\/wp-content\\\/uploads\\\/2025\\\/06\\\/Logo-quadratisch-1024x1024.jpg\",\"contentUrl\":\"https:\\\/\\\/www.hausamstrom.de\\\/wp-content\\\/uploads\\\/2025\\\/06\\\/Logo-quadratisch-1024x1024.jpg\",\"width\":1024,\"height\":1024,\"caption\":\"Haus am Strom\"},\"image\":{\"@id\":\"https:\\\/\\\/www.hausamstrom.de\\\/de\\\/#\\\/schema\\\/logo\\\/image\\\/\"},\"sameAs\":[\"https:\\\/\\\/www.facebook.com\\\/hausamstrom\",\"https:\\\/\\\/www.instagram.com\\\/\"]}]}<\/script>\n<!-- \/ Yoast SEO plugin. -->","yoast_head_json":{"title":"Impressum - Haus am Strom","robots":{"index":"index","follow":"follow","max-snippet":"max-snippet:-1","max-image-preview":"max-image-preview:large","max-video-preview":"max-video-preview:-1"},"canonical":"https:\/\/www.hausamstrom.de\/de\/impressum\/","og_locale":"de_DE","og_type":"article","og_title":"Impressum - Haus am Strom","og_description":"Impressum Haus am Strom gGmbH Gemeinn\u00fctzige Gesellschaft zum Betrieb des Zentrums f\u00fcr nachhaltiges Wirtschaften Haus am Strom Passau-Jochenstein-Engelhartszell gGmbH Unsere Gesellschafter finden Sie hier. Angaben gem\u00e4\u00df \u00a7 5 TMG: Gemeinn\u00fctzige Gesellschaft zum Betrieb des Zentrums f\u00fcr nachhaltiges Wirtschaften Haus am Strom Passau-Jochenstein-Engelhartszell gGmbH Am Kraftwerk 4 94107 Untergriesbach Vertreten durch: Gemeinn\u00fctzige Gesellschaft zum Betrieb des [&hellip;]","og_url":"https:\/\/www.hausamstrom.de\/de\/impressum\/","og_site_name":"Haus am Strom","article_publisher":"https:\/\/www.facebook.com\/hausamstrom","article_modified_time":"2022-05-24T11:35:39+00:00","twitter_card":"summary_large_image","twitter_misc":{"Gesch\u00e4tzte Lesezeit":"3\u00a0Minuten"},"schema":{"@context":"https:\/\/schema.org","@graph":[{"@type":"WebPage","@id":"https:\/\/www.hausamstrom.de\/de\/impressum\/","url":"https:\/\/www.hausamstrom.de\/de\/impressum\/","name":"Impressum - Haus am Strom","isPartOf":{"@id":"https:\/\/www.hausamstrom.de\/de\/#website"},"datePublished":"2016-02-04T17:17:06+00:00","dateModified":"2022-05-24T11:35:39+00:00","breadcrumb":{"@id":"https:\/\/www.hausamstrom.de\/de\/impressum\/#breadcrumb"},"inLanguage":"de","potentialAction":[{"@type":"ReadAction","target":["https:\/\/www.hausamstrom.de\/de\/impressum\/"]}]},{"@type":"BreadcrumbList","@id":"https:\/\/www.hausamstrom.de\/de\/impressum\/#breadcrumb","itemListElement":[{"@type":"ListItem","position":1,"name":"Home","item":"https:\/\/www.hausamstrom.de\/de\/"},{"@type":"ListItem","position":2,"name":"Impressum"}]},{"@type":"WebSite","@id":"https:\/\/www.hausamstrom.de\/de\/#website","url":"https:\/\/www.hausamstrom.de\/de\/","name":"Haus am Strom","description":"Umweltbildungsstation im Passauer Donautal. Umweltbildung und Naturschutz f\u00fcr Kinder und Erwachsenen.","publisher":{"@id":"https:\/\/www.hausamstrom.de\/de\/#organization"},"potentialAction":[{"@type":"SearchAction","target":{"@type":"EntryPoint","urlTemplate":"https:\/\/www.hausamstrom.de\/de\/?s={search_term_string}"},"query-input":{"@type":"PropertyValueSpecification","valueRequired":true,"valueName":"search_term_string"}}],"inLanguage":"de"},{"@type":"Organization","@id":"https:\/\/www.hausamstrom.de\/de\/#organization","name":"Haus am Strom","url":"https:\/\/www.hausamstrom.de\/de\/","logo":{"@type":"ImageObject","inLanguage":"de","@id":"https:\/\/www.hausamstrom.de\/de\/#\/schema\/logo\/image\/","url":"https:\/\/www.hausamstrom.de\/wp-content\/uploads\/2025\/06\/Logo-quadratisch-1024x1024.jpg","contentUrl":"https:\/\/www.hausamstrom.de\/wp-content\/uploads\/2025\/06\/Logo-quadratisch-1024x1024.jpg","width":1024,"height":1024,"caption":"Haus am Strom"},"image":{"@id":"https:\/\/www.hausamstrom.de\/de\/#\/schema\/logo\/image\/"},"sameAs":["https:\/\/www.facebook.com\/hausamstrom","https:\/\/www.instagram.com\/"]}]}},"_links":{"self":[{"href":"https:\/\/www.hausamstrom.de\/de\/wp-json\/wp\/v2\/pages\/9","targetHints":{"allow":["GET"]}}],"collection":[{"href":"https:\/\/www.hausamstrom.de\/de\/wp-json\/wp\/v2\/pages"}],"about":[{"href":"https:\/\/www.hausamstrom.de\/de\/wp-json\/wp\/v2\/types\/page"}],"author":[{"embeddable":true,"href":"https:\/\/www.hausamstrom.de\/de\/wp-json\/wp\/v2\/users\/1"}],"replies":[{"embeddable":true,"href":"https:\/\/www.hausamstrom.de\/de\/wp-json\/wp\/v2\/comments?post=9"}],"version-history":[{"count":10,"href":"https:\/\/www.hausamstrom.de\/de\/wp-json\/wp\/v2\/pages\/9\/revisions"}],"predecessor-version":[{"id":10817,"href":"https:\/\/www.hausamstrom.de\/de\/wp-json\/wp\/v2\/pages\/9\/revisions\/10817"}],"wp:attachment":[{"href":"https:\/\/www.hausamstrom.de\/de\/wp-json\/wp\/v2\/media?parent=9"}],"curies":[{"name":"wp","href":"https:\/\/api.w.org\/{rel}","templated":true}]}}