{"id":918,"date":"2016-04-08T09:10:56","date_gmt":"2016-04-08T07:10:56","guid":{"rendered":"http:\/\/hosting6807.af944.netcup.net\/?page_id=918"},"modified":"2016-04-08T09:11:29","modified_gmt":"2016-04-08T07:11:29","slug":"918-2","status":"publish","type":"page","link":"https:\/\/www.hausamstrom.de\/de\/service\/kinderspielerisches\/918-2\/","title":{"rendered":"Ausmalbilder"},"content":{"rendered":"<div class=\"csc-textpic-imagewrap\"><\/div>\n<div class=\"csc-textpic-text\">\n<p><img loading=\"lazy\" decoding=\"async\" class=\"size-medium wp-image-919 alignleft\" src=\"https:\/\/hausamstrom.de\/wp-content\/uploads\/2016\/04\/csm_Eidechse_010_Ausmalvorlage_fd36e940c3-400x357.jpg\" alt=\"csm_Eidechse_010_Ausmalvorlage_fd36e940c3\" width=\"400\" height=\"357\" srcset=\"https:\/\/www.hausamstrom.de\/wp-content\/uploads\/2016\/04\/csm_Eidechse_010_Ausmalvorlage_fd36e940c3-400x357.jpg 400w, https:\/\/www.hausamstrom.de\/wp-content\/uploads\/2016\/04\/csm_Eidechse_010_Ausmalvorlage_fd36e940c3.jpg 672w\" sizes=\"auto, (max-width: 400px) 100vw, 400px\" \/> Malt Siggi die Smaragdeidechse nach euren Vorstellungen aus und schickt uns eure Bilder. Ihr k\u00f6nnt dazu das Bild ausdrucken und ausmalen oder Ihr zeichnet es sogar ab. Wir freuen uns auf eure Bilder.<\/p>\n<p>\u00a0<\/p>\n<p>Nat\u00fcrlich erhaltet ihr auch ein kleines Dankesch\u00f6n f\u00fcr eure M\u00fchen.<\/p>\n<p>\u00a0<\/p>\n<p>Also auf zum Ausmalen!<\/p>\n<\/div>\n<p>\u00a0<\/p>\n<p>\u00a0<\/p>\n<p>\u00a0<\/p>\n<p>\u00a0<\/p>\n<p><img loading=\"lazy\" decoding=\"async\" class=\"size-medium wp-image-920 alignleft\" src=\"https:\/\/hausamstrom.de\/wp-content\/uploads\/2016\/04\/Eidechse_001_Ausmalvorlage-400x348.jpg\" alt=\"Eidechse_001_Ausmalvorlage\" width=\"400\" height=\"348\" srcset=\"https:\/\/www.hausamstrom.de\/wp-content\/uploads\/2016\/04\/Eidechse_001_Ausmalvorlage-400x348.jpg 400w, https:\/\/www.hausamstrom.de\/wp-content\/uploads\/2016\/04\/Eidechse_001_Ausmalvorlage-1024x890.jpg 1024w\" sizes=\"auto, (max-width: 400px) 100vw, 400px\" \/><\/p>\n","protected":false},"excerpt":{"rendered":"<p>Malt Siggi die Smaragdeidechse nach euren Vorstellungen aus und schickt uns eure Bilder. Ihr k\u00f6nnt dazu das Bild ausdrucken und ausmalen oder Ihr zeichnet es sogar ab. Wir freuen uns auf eure Bilder. \u00a0 Nat\u00fcrlich erhaltet ihr auch ein kleines Dankesch\u00f6n f\u00fcr eure M\u00fchen. \u00a0 Also auf zum Ausmalen! \u00a0 \u00a0 \u00a0 \u00a0<\/p>\n","protected":false},"author":1,"featured_media":0,"parent":405,"menu_order":0,"comment_status":"closed","ping_status":"closed","template":"","meta":{"footnotes":""},"class_list":["post-918","page","type-page","status-publish","hentry"],"yoast_head":"<!-- This site is optimized with the Yoast SEO plugin v27.5 - https:\/\/yoast.com\/product\/yoast-seo-wordpress\/ -->\n<title>Ausmalbilder - Haus am Strom<\/title>\n<meta name=\"robots\" content=\"index, follow, max-snippet:-1, max-image-preview:large, max-video-preview:-1\" \/>\n<link rel=\"canonical\" href=\"https:\/\/www.hausamstrom.de\/de\/service\/kinderspielerisches\/918-2\/\" \/>\n<meta property=\"og:locale\" content=\"de_DE\" \/>\n<meta property=\"og:type\" content=\"article\" \/>\n<meta property=\"og:title\" content=\"Ausmalbilder - Haus am Strom\" \/>\n<meta property=\"og:description\" content=\"Malt Siggi die Smaragdeidechse nach euren Vorstellungen aus und schickt uns eure Bilder. Ihr k\u00f6nnt dazu das Bild ausdrucken und ausmalen oder Ihr zeichnet es sogar ab. Wir freuen uns auf eure Bilder. \u00a0 Nat\u00fcrlich erhaltet ihr auch ein kleines Dankesch\u00f6n f\u00fcr eure M\u00fchen. \u00a0 Also auf zum Ausmalen! \u00a0 \u00a0 \u00a0 \u00a0\" \/>\n<meta property=\"og:url\" content=\"https:\/\/www.hausamstrom.de\/de\/service\/kinderspielerisches\/918-2\/\" \/>\n<meta property=\"og:site_name\" content=\"Haus am Strom\" \/>\n<meta property=\"article:publisher\" content=\"https:\/\/www.facebook.com\/hausamstrom\" \/>\n<meta property=\"article:modified_time\" content=\"2016-04-08T07:11:29+00:00\" \/>\n<meta property=\"og:image\" content=\"https:\/\/hausamstrom.de\/wp-content\/uploads\/2016\/04\/csm_Eidechse_010_Ausmalvorlage_fd36e940c3-400x357.jpg\" \/>\n<meta name=\"twitter:card\" content=\"summary_large_image\" \/>\n<script type=\"application\/ld+json\" class=\"yoast-schema-graph\">{\"@context\":\"https:\\\/\\\/schema.org\",\"@graph\":[{\"@type\":\"WebPage\",\"@id\":\"https:\\\/\\\/www.hausamstrom.de\\\/de\\\/service\\\/kinderspielerisches\\\/918-2\\\/\",\"url\":\"https:\\\/\\\/www.hausamstrom.de\\\/de\\\/service\\\/kinderspielerisches\\\/918-2\\\/\",\"name\":\"Ausmalbilder - Haus am Strom\",\"isPartOf\":{\"@id\":\"https:\\\/\\\/www.hausamstrom.de\\\/de\\\/#website\"},\"primaryImageOfPage\":{\"@id\":\"https:\\\/\\\/www.hausamstrom.de\\\/de\\\/service\\\/kinderspielerisches\\\/918-2\\\/#primaryimage\"},\"image\":{\"@id\":\"https:\\\/\\\/www.hausamstrom.de\\\/de\\\/service\\\/kinderspielerisches\\\/918-2\\\/#primaryimage\"},\"thumbnailUrl\":\"https:\\\/\\\/hausamstrom.de\\\/wp-content\\\/uploads\\\/2016\\\/04\\\/csm_Eidechse_010_Ausmalvorlage_fd36e940c3-400x357.jpg\",\"datePublished\":\"2016-04-08T07:10:56+00:00\",\"dateModified\":\"2016-04-08T07:11:29+00:00\",\"breadcrumb\":{\"@id\":\"https:\\\/\\\/www.hausamstrom.de\\\/de\\\/service\\\/kinderspielerisches\\\/918-2\\\/#breadcrumb\"},\"inLanguage\":\"de\",\"potentialAction\":[{\"@type\":\"ReadAction\",\"target\":[\"https:\\\/\\\/www.hausamstrom.de\\\/de\\\/service\\\/kinderspielerisches\\\/918-2\\\/\"]}]},{\"@type\":\"ImageObject\",\"inLanguage\":\"de\",\"@id\":\"https:\\\/\\\/www.hausamstrom.de\\\/de\\\/service\\\/kinderspielerisches\\\/918-2\\\/#primaryimage\",\"url\":\"https:\\\/\\\/hausamstrom.de\\\/wp-content\\\/uploads\\\/2016\\\/04\\\/csm_Eidechse_010_Ausmalvorlage_fd36e940c3-400x357.jpg\",\"contentUrl\":\"https:\\\/\\\/hausamstrom.de\\\/wp-content\\\/uploads\\\/2016\\\/04\\\/csm_Eidechse_010_Ausmalvorlage_fd36e940c3-400x357.jpg\"},{\"@type\":\"BreadcrumbList\",\"@id\":\"https:\\\/\\\/www.hausamstrom.de\\\/de\\\/service\\\/kinderspielerisches\\\/918-2\\\/#breadcrumb\",\"itemListElement\":[{\"@type\":\"ListItem\",\"position\":1,\"name\":\"Home\",\"item\":\"https:\\\/\\\/www.hausamstrom.de\\\/de\\\/\"},{\"@type\":\"ListItem\",\"position\":2,\"name\":\"Service\",\"item\":\"https:\\\/\\\/www.hausamstrom.de\\\/de\\\/service\\\/\"},{\"@type\":\"ListItem\",\"position\":3,\"name\":\"Kinder\\\/Spielerisches\",\"item\":\"https:\\\/\\\/www.hausamstrom.de\\\/de\\\/service\\\/kinderspielerisches\\\/\"},{\"@type\":\"ListItem\",\"position\":4,\"name\":\"Ausmalbilder\"}]},{\"@type\":\"WebSite\",\"@id\":\"https:\\\/\\\/www.hausamstrom.de\\\/de\\\/#website\",\"url\":\"https:\\\/\\\/www.hausamstrom.de\\\/de\\\/\",\"name\":\"Haus am Strom\",\"description\":\"Umweltbildungsstation im Passauer Donautal. Umweltbildung und Naturschutz f\u00fcr Kinder und Erwachsenen.\",\"publisher\":{\"@id\":\"https:\\\/\\\/www.hausamstrom.de\\\/de\\\/#organization\"},\"potentialAction\":[{\"@type\":\"SearchAction\",\"target\":{\"@type\":\"EntryPoint\",\"urlTemplate\":\"https:\\\/\\\/www.hausamstrom.de\\\/de\\\/?s={search_term_string}\"},\"query-input\":{\"@type\":\"PropertyValueSpecification\",\"valueRequired\":true,\"valueName\":\"search_term_string\"}}],\"inLanguage\":\"de\"},{\"@type\":\"Organization\",\"@id\":\"https:\\\/\\\/www.hausamstrom.de\\\/de\\\/#organization\",\"name\":\"Haus am Strom\",\"url\":\"https:\\\/\\\/www.hausamstrom.de\\\/de\\\/\",\"logo\":{\"@type\":\"ImageObject\",\"inLanguage\":\"de\",\"@id\":\"https:\\\/\\\/www.hausamstrom.de\\\/de\\\/#\\\/schema\\\/logo\\\/image\\\/\",\"url\":\"https:\\\/\\\/www.hausamstrom.de\\\/wp-content\\\/uploads\\\/2025\\\/06\\\/Logo-quadratisch-1024x1024.jpg\",\"contentUrl\":\"https:\\\/\\\/www.hausamstrom.de\\\/wp-content\\\/uploads\\\/2025\\\/06\\\/Logo-quadratisch-1024x1024.jpg\",\"width\":1024,\"height\":1024,\"caption\":\"Haus am Strom\"},\"image\":{\"@id\":\"https:\\\/\\\/www.hausamstrom.de\\\/de\\\/#\\\/schema\\\/logo\\\/image\\\/\"},\"sameAs\":[\"https:\\\/\\\/www.facebook.com\\\/hausamstrom\",\"https:\\\/\\\/www.instagram.com\\\/\"]}]}<\/script>\n<!-- \/ Yoast SEO plugin. -->","yoast_head_json":{"title":"Ausmalbilder - Haus am Strom","robots":{"index":"index","follow":"follow","max-snippet":"max-snippet:-1","max-image-preview":"max-image-preview:large","max-video-preview":"max-video-preview:-1"},"canonical":"https:\/\/www.hausamstrom.de\/de\/service\/kinderspielerisches\/918-2\/","og_locale":"de_DE","og_type":"article","og_title":"Ausmalbilder - Haus am Strom","og_description":"Malt Siggi die Smaragdeidechse nach euren Vorstellungen aus und schickt uns eure Bilder. Ihr k\u00f6nnt dazu das Bild ausdrucken und ausmalen oder Ihr zeichnet es sogar ab. Wir freuen uns auf eure Bilder. \u00a0 Nat\u00fcrlich erhaltet ihr auch ein kleines Dankesch\u00f6n f\u00fcr eure M\u00fchen. \u00a0 Also auf zum Ausmalen! \u00a0 \u00a0 \u00a0 \u00a0","og_url":"https:\/\/www.hausamstrom.de\/de\/service\/kinderspielerisches\/918-2\/","og_site_name":"Haus am Strom","article_publisher":"https:\/\/www.facebook.com\/hausamstrom","article_modified_time":"2016-04-08T07:11:29+00:00","og_image":[{"url":"https:\/\/hausamstrom.de\/wp-content\/uploads\/2016\/04\/csm_Eidechse_010_Ausmalvorlage_fd36e940c3-400x357.jpg","type":"","width":"","height":""}],"twitter_card":"summary_large_image","schema":{"@context":"https:\/\/schema.org","@graph":[{"@type":"WebPage","@id":"https:\/\/www.hausamstrom.de\/de\/service\/kinderspielerisches\/918-2\/","url":"https:\/\/www.hausamstrom.de\/de\/service\/kinderspielerisches\/918-2\/","name":"Ausmalbilder - Haus am Strom","isPartOf":{"@id":"https:\/\/www.hausamstrom.de\/de\/#website"},"primaryImageOfPage":{"@id":"https:\/\/www.hausamstrom.de\/de\/service\/kinderspielerisches\/918-2\/#primaryimage"},"image":{"@id":"https:\/\/www.hausamstrom.de\/de\/service\/kinderspielerisches\/918-2\/#primaryimage"},"thumbnailUrl":"https:\/\/hausamstrom.de\/wp-content\/uploads\/2016\/04\/csm_Eidechse_010_Ausmalvorlage_fd36e940c3-400x357.jpg","datePublished":"2016-04-08T07:10:56+00:00","dateModified":"2016-04-08T07:11:29+00:00","breadcrumb":{"@id":"https:\/\/www.hausamstrom.de\/de\/service\/kinderspielerisches\/918-2\/#breadcrumb"},"inLanguage":"de","potentialAction":[{"@type":"ReadAction","target":["https:\/\/www.hausamstrom.de\/de\/service\/kinderspielerisches\/918-2\/"]}]},{"@type":"ImageObject","inLanguage":"de","@id":"https:\/\/www.hausamstrom.de\/de\/service\/kinderspielerisches\/918-2\/#primaryimage","url":"https:\/\/hausamstrom.de\/wp-content\/uploads\/2016\/04\/csm_Eidechse_010_Ausmalvorlage_fd36e940c3-400x357.jpg","contentUrl":"https:\/\/hausamstrom.de\/wp-content\/uploads\/2016\/04\/csm_Eidechse_010_Ausmalvorlage_fd36e940c3-400x357.jpg"},{"@type":"BreadcrumbList","@id":"https:\/\/www.hausamstrom.de\/de\/service\/kinderspielerisches\/918-2\/#breadcrumb","itemListElement":[{"@type":"ListItem","position":1,"name":"Home","item":"https:\/\/www.hausamstrom.de\/de\/"},{"@type":"ListItem","position":2,"name":"Service","item":"https:\/\/www.hausamstrom.de\/de\/service\/"},{"@type":"ListItem","position":3,"name":"Kinder\/Spielerisches","item":"https:\/\/www.hausamstrom.de\/de\/service\/kinderspielerisches\/"},{"@type":"ListItem","position":4,"name":"Ausmalbilder"}]},{"@type":"WebSite","@id":"https:\/\/www.hausamstrom.de\/de\/#website","url":"https:\/\/www.hausamstrom.de\/de\/","name":"Haus am Strom","description":"Umweltbildungsstation im Passauer Donautal. Umweltbildung und Naturschutz f\u00fcr Kinder und Erwachsenen.","publisher":{"@id":"https:\/\/www.hausamstrom.de\/de\/#organization"},"potentialAction":[{"@type":"SearchAction","target":{"@type":"EntryPoint","urlTemplate":"https:\/\/www.hausamstrom.de\/de\/?s={search_term_string}"},"query-input":{"@type":"PropertyValueSpecification","valueRequired":true,"valueName":"search_term_string"}}],"inLanguage":"de"},{"@type":"Organization","@id":"https:\/\/www.hausamstrom.de\/de\/#organization","name":"Haus am Strom","url":"https:\/\/www.hausamstrom.de\/de\/","logo":{"@type":"ImageObject","inLanguage":"de","@id":"https:\/\/www.hausamstrom.de\/de\/#\/schema\/logo\/image\/","url":"https:\/\/www.hausamstrom.de\/wp-content\/uploads\/2025\/06\/Logo-quadratisch-1024x1024.jpg","contentUrl":"https:\/\/www.hausamstrom.de\/wp-content\/uploads\/2025\/06\/Logo-quadratisch-1024x1024.jpg","width":1024,"height":1024,"caption":"Haus am Strom"},"image":{"@id":"https:\/\/www.hausamstrom.de\/de\/#\/schema\/logo\/image\/"},"sameAs":["https:\/\/www.facebook.com\/hausamstrom","https:\/\/www.instagram.com\/"]}]}},"_links":{"self":[{"href":"https:\/\/www.hausamstrom.de\/de\/wp-json\/wp\/v2\/pages\/918","targetHints":{"allow":["GET"]}}],"collection":[{"href":"https:\/\/www.hausamstrom.de\/de\/wp-json\/wp\/v2\/pages"}],"about":[{"href":"https:\/\/www.hausamstrom.de\/de\/wp-json\/wp\/v2\/types\/page"}],"author":[{"embeddable":true,"href":"https:\/\/www.hausamstrom.de\/de\/wp-json\/wp\/v2\/users\/1"}],"replies":[{"embeddable":true,"href":"https:\/\/www.hausamstrom.de\/de\/wp-json\/wp\/v2\/comments?post=918"}],"version-history":[{"count":2,"href":"https:\/\/www.hausamstrom.de\/de\/wp-json\/wp\/v2\/pages\/918\/revisions"}],"predecessor-version":[{"id":922,"href":"https:\/\/www.hausamstrom.de\/de\/wp-json\/wp\/v2\/pages\/918\/revisions\/922"}],"up":[{"embeddable":true,"href":"https:\/\/www.hausamstrom.de\/de\/wp-json\/wp\/v2\/pages\/405"}],"wp:attachment":[{"href":"https:\/\/www.hausamstrom.de\/de\/wp-json\/wp\/v2\/media?parent=918"}],"curies":[{"name":"wp","href":"https:\/\/api.w.org\/{rel}","templated":true}]}}