{"id":926,"date":"2016-04-08T09:23:02","date_gmt":"2016-04-08T07:23:02","guid":{"rendered":"http:\/\/hosting6807.af944.netcup.net\/?page_id=926"},"modified":"2016-12-06T16:38:44","modified_gmt":"2016-12-06T15:38:44","slug":"wasser-raetsel","status":"publish","type":"page","link":"https:\/\/www.hausamstrom.de\/de\/service\/kinderspielerisches\/wasser-raetsel\/","title":{"rendered":"Wasser-R\u00e4tsel"},"content":{"rendered":"<p><strong>Berechnet den Wasserverbrauch einer Person pro Tag.<\/strong><\/p>\n<p><img loading=\"lazy\" decoding=\"async\" class=\"alignnone  wp-image-2328\" src=\"https:\/\/hausamstrom.de\/wp-content\/uploads\/2016\/02\/Wasserraetsel-400x306.jpg\" alt=\"wasserraetsel\" width=\"508\" height=\"389\" srcset=\"https:\/\/www.hausamstrom.de\/wp-content\/uploads\/2016\/02\/Wasserraetsel-400x306.jpg 400w, https:\/\/www.hausamstrom.de\/wp-content\/uploads\/2016\/02\/Wasserraetsel-1024x784.jpg 1024w, https:\/\/www.hausamstrom.de\/wp-content\/uploads\/2016\/02\/Wasserraetsel.jpg 1335w\" sizes=\"auto, (max-width: 508px) 100vw, 508px\" \/><\/p>\n<p>\u00a0<\/p>\n<p>Teilt uns eure L\u00f6sung mit, indem ihr uns ein E-Mail (info(@)hausamstrom.de) oder einen Brief schreibt.<\/p>\n<p>F\u00fcr die richtige L\u00f6sung erhaltet ihr eine kleine Aufmerksamkeit!<\/p>\n<p>\u00a0<\/p>\n","protected":false},"excerpt":{"rendered":"<p>Berechnet den Wasserverbrauch einer Person pro Tag. \u00a0 Teilt uns eure L\u00f6sung mit, indem ihr uns ein E-Mail (info(@)hausamstrom.de) oder einen Brief schreibt. F\u00fcr die richtige L\u00f6sung erhaltet ihr eine kleine Aufmerksamkeit! \u00a0<\/p>\n","protected":false},"author":1,"featured_media":0,"parent":405,"menu_order":0,"comment_status":"closed","ping_status":"closed","template":"","meta":{"footnotes":""},"class_list":["post-926","page","type-page","status-publish","hentry"],"yoast_head":"<!-- This site is optimized with the Yoast SEO plugin v27.5 - https:\/\/yoast.com\/product\/yoast-seo-wordpress\/ -->\n<title>Wasser-R\u00e4tsel - Haus am Strom<\/title>\n<meta name=\"robots\" content=\"index, follow, max-snippet:-1, max-image-preview:large, max-video-preview:-1\" \/>\n<link rel=\"canonical\" href=\"https:\/\/www.hausamstrom.de\/de\/service\/kinderspielerisches\/wasser-raetsel\/\" \/>\n<meta property=\"og:locale\" content=\"de_DE\" \/>\n<meta property=\"og:type\" content=\"article\" \/>\n<meta property=\"og:title\" content=\"Wasser-R\u00e4tsel - Haus am Strom\" \/>\n<meta property=\"og:description\" content=\"Berechnet den Wasserverbrauch einer Person pro Tag. \u00a0 Teilt uns eure L\u00f6sung mit, indem ihr uns ein E-Mail (info(@)hausamstrom.de) oder einen Brief schreibt. F\u00fcr die richtige L\u00f6sung erhaltet ihr eine kleine Aufmerksamkeit! \u00a0\" \/>\n<meta property=\"og:url\" content=\"https:\/\/www.hausamstrom.de\/de\/service\/kinderspielerisches\/wasser-raetsel\/\" \/>\n<meta property=\"og:site_name\" content=\"Haus am Strom\" \/>\n<meta property=\"article:publisher\" content=\"https:\/\/www.facebook.com\/hausamstrom\" \/>\n<meta property=\"article:modified_time\" content=\"2016-12-06T15:38:44+00:00\" \/>\n<meta property=\"og:image\" content=\"https:\/\/hausamstrom.de\/wp-content\/uploads\/2016\/02\/Wasserraetsel-400x306.jpg\" \/>\n<meta name=\"twitter:card\" content=\"summary_large_image\" \/>\n<script type=\"application\/ld+json\" class=\"yoast-schema-graph\">{\"@context\":\"https:\\\/\\\/schema.org\",\"@graph\":[{\"@type\":\"WebPage\",\"@id\":\"https:\\\/\\\/www.hausamstrom.de\\\/de\\\/service\\\/kinderspielerisches\\\/wasser-raetsel\\\/\",\"url\":\"https:\\\/\\\/www.hausamstrom.de\\\/de\\\/service\\\/kinderspielerisches\\\/wasser-raetsel\\\/\",\"name\":\"Wasser-R\u00e4tsel - Haus am Strom\",\"isPartOf\":{\"@id\":\"https:\\\/\\\/www.hausamstrom.de\\\/de\\\/#website\"},\"primaryImageOfPage\":{\"@id\":\"https:\\\/\\\/www.hausamstrom.de\\\/de\\\/service\\\/kinderspielerisches\\\/wasser-raetsel\\\/#primaryimage\"},\"image\":{\"@id\":\"https:\\\/\\\/www.hausamstrom.de\\\/de\\\/service\\\/kinderspielerisches\\\/wasser-raetsel\\\/#primaryimage\"},\"thumbnailUrl\":\"https:\\\/\\\/hausamstrom.de\\\/wp-content\\\/uploads\\\/2016\\\/02\\\/Wasserraetsel-400x306.jpg\",\"datePublished\":\"2016-04-08T07:23:02+00:00\",\"dateModified\":\"2016-12-06T15:38:44+00:00\",\"breadcrumb\":{\"@id\":\"https:\\\/\\\/www.hausamstrom.de\\\/de\\\/service\\\/kinderspielerisches\\\/wasser-raetsel\\\/#breadcrumb\"},\"inLanguage\":\"de\",\"potentialAction\":[{\"@type\":\"ReadAction\",\"target\":[\"https:\\\/\\\/www.hausamstrom.de\\\/de\\\/service\\\/kinderspielerisches\\\/wasser-raetsel\\\/\"]}]},{\"@type\":\"ImageObject\",\"inLanguage\":\"de\",\"@id\":\"https:\\\/\\\/www.hausamstrom.de\\\/de\\\/service\\\/kinderspielerisches\\\/wasser-raetsel\\\/#primaryimage\",\"url\":\"https:\\\/\\\/hausamstrom.de\\\/wp-content\\\/uploads\\\/2016\\\/02\\\/Wasserraetsel-400x306.jpg\",\"contentUrl\":\"https:\\\/\\\/hausamstrom.de\\\/wp-content\\\/uploads\\\/2016\\\/02\\\/Wasserraetsel-400x306.jpg\"},{\"@type\":\"BreadcrumbList\",\"@id\":\"https:\\\/\\\/www.hausamstrom.de\\\/de\\\/service\\\/kinderspielerisches\\\/wasser-raetsel\\\/#breadcrumb\",\"itemListElement\":[{\"@type\":\"ListItem\",\"position\":1,\"name\":\"Home\",\"item\":\"https:\\\/\\\/www.hausamstrom.de\\\/de\\\/\"},{\"@type\":\"ListItem\",\"position\":2,\"name\":\"Service\",\"item\":\"https:\\\/\\\/www.hausamstrom.de\\\/de\\\/service\\\/\"},{\"@type\":\"ListItem\",\"position\":3,\"name\":\"Kinder\\\/Spielerisches\",\"item\":\"https:\\\/\\\/www.hausamstrom.de\\\/de\\\/service\\\/kinderspielerisches\\\/\"},{\"@type\":\"ListItem\",\"position\":4,\"name\":\"Wasser-R\u00e4tsel\"}]},{\"@type\":\"WebSite\",\"@id\":\"https:\\\/\\\/www.hausamstrom.de\\\/de\\\/#website\",\"url\":\"https:\\\/\\\/www.hausamstrom.de\\\/de\\\/\",\"name\":\"Haus am Strom\",\"description\":\"Umweltbildungsstation im Passauer Donautal. Umweltbildung und Naturschutz f\u00fcr Kinder und Erwachsenen.\",\"publisher\":{\"@id\":\"https:\\\/\\\/www.hausamstrom.de\\\/de\\\/#organization\"},\"potentialAction\":[{\"@type\":\"SearchAction\",\"target\":{\"@type\":\"EntryPoint\",\"urlTemplate\":\"https:\\\/\\\/www.hausamstrom.de\\\/de\\\/?s={search_term_string}\"},\"query-input\":{\"@type\":\"PropertyValueSpecification\",\"valueRequired\":true,\"valueName\":\"search_term_string\"}}],\"inLanguage\":\"de\"},{\"@type\":\"Organization\",\"@id\":\"https:\\\/\\\/www.hausamstrom.de\\\/de\\\/#organization\",\"name\":\"Haus am Strom\",\"url\":\"https:\\\/\\\/www.hausamstrom.de\\\/de\\\/\",\"logo\":{\"@type\":\"ImageObject\",\"inLanguage\":\"de\",\"@id\":\"https:\\\/\\\/www.hausamstrom.de\\\/de\\\/#\\\/schema\\\/logo\\\/image\\\/\",\"url\":\"https:\\\/\\\/www.hausamstrom.de\\\/wp-content\\\/uploads\\\/2025\\\/06\\\/Logo-quadratisch-1024x1024.jpg\",\"contentUrl\":\"https:\\\/\\\/www.hausamstrom.de\\\/wp-content\\\/uploads\\\/2025\\\/06\\\/Logo-quadratisch-1024x1024.jpg\",\"width\":1024,\"height\":1024,\"caption\":\"Haus am Strom\"},\"image\":{\"@id\":\"https:\\\/\\\/www.hausamstrom.de\\\/de\\\/#\\\/schema\\\/logo\\\/image\\\/\"},\"sameAs\":[\"https:\\\/\\\/www.facebook.com\\\/hausamstrom\",\"https:\\\/\\\/www.instagram.com\\\/\"]}]}<\/script>\n<!-- \/ Yoast SEO plugin. -->","yoast_head_json":{"title":"Wasser-R\u00e4tsel - Haus am Strom","robots":{"index":"index","follow":"follow","max-snippet":"max-snippet:-1","max-image-preview":"max-image-preview:large","max-video-preview":"max-video-preview:-1"},"canonical":"https:\/\/www.hausamstrom.de\/de\/service\/kinderspielerisches\/wasser-raetsel\/","og_locale":"de_DE","og_type":"article","og_title":"Wasser-R\u00e4tsel - Haus am Strom","og_description":"Berechnet den Wasserverbrauch einer Person pro Tag. \u00a0 Teilt uns eure L\u00f6sung mit, indem ihr uns ein E-Mail (info(@)hausamstrom.de) oder einen Brief schreibt. F\u00fcr die richtige L\u00f6sung erhaltet ihr eine kleine Aufmerksamkeit! \u00a0","og_url":"https:\/\/www.hausamstrom.de\/de\/service\/kinderspielerisches\/wasser-raetsel\/","og_site_name":"Haus am Strom","article_publisher":"https:\/\/www.facebook.com\/hausamstrom","article_modified_time":"2016-12-06T15:38:44+00:00","og_image":[{"url":"https:\/\/hausamstrom.de\/wp-content\/uploads\/2016\/02\/Wasserraetsel-400x306.jpg","type":"","width":"","height":""}],"twitter_card":"summary_large_image","schema":{"@context":"https:\/\/schema.org","@graph":[{"@type":"WebPage","@id":"https:\/\/www.hausamstrom.de\/de\/service\/kinderspielerisches\/wasser-raetsel\/","url":"https:\/\/www.hausamstrom.de\/de\/service\/kinderspielerisches\/wasser-raetsel\/","name":"Wasser-R\u00e4tsel - Haus am Strom","isPartOf":{"@id":"https:\/\/www.hausamstrom.de\/de\/#website"},"primaryImageOfPage":{"@id":"https:\/\/www.hausamstrom.de\/de\/service\/kinderspielerisches\/wasser-raetsel\/#primaryimage"},"image":{"@id":"https:\/\/www.hausamstrom.de\/de\/service\/kinderspielerisches\/wasser-raetsel\/#primaryimage"},"thumbnailUrl":"https:\/\/hausamstrom.de\/wp-content\/uploads\/2016\/02\/Wasserraetsel-400x306.jpg","datePublished":"2016-04-08T07:23:02+00:00","dateModified":"2016-12-06T15:38:44+00:00","breadcrumb":{"@id":"https:\/\/www.hausamstrom.de\/de\/service\/kinderspielerisches\/wasser-raetsel\/#breadcrumb"},"inLanguage":"de","potentialAction":[{"@type":"ReadAction","target":["https:\/\/www.hausamstrom.de\/de\/service\/kinderspielerisches\/wasser-raetsel\/"]}]},{"@type":"ImageObject","inLanguage":"de","@id":"https:\/\/www.hausamstrom.de\/de\/service\/kinderspielerisches\/wasser-raetsel\/#primaryimage","url":"https:\/\/hausamstrom.de\/wp-content\/uploads\/2016\/02\/Wasserraetsel-400x306.jpg","contentUrl":"https:\/\/hausamstrom.de\/wp-content\/uploads\/2016\/02\/Wasserraetsel-400x306.jpg"},{"@type":"BreadcrumbList","@id":"https:\/\/www.hausamstrom.de\/de\/service\/kinderspielerisches\/wasser-raetsel\/#breadcrumb","itemListElement":[{"@type":"ListItem","position":1,"name":"Home","item":"https:\/\/www.hausamstrom.de\/de\/"},{"@type":"ListItem","position":2,"name":"Service","item":"https:\/\/www.hausamstrom.de\/de\/service\/"},{"@type":"ListItem","position":3,"name":"Kinder\/Spielerisches","item":"https:\/\/www.hausamstrom.de\/de\/service\/kinderspielerisches\/"},{"@type":"ListItem","position":4,"name":"Wasser-R\u00e4tsel"}]},{"@type":"WebSite","@id":"https:\/\/www.hausamstrom.de\/de\/#website","url":"https:\/\/www.hausamstrom.de\/de\/","name":"Haus am Strom","description":"Umweltbildungsstation im Passauer Donautal. Umweltbildung und Naturschutz f\u00fcr Kinder und Erwachsenen.","publisher":{"@id":"https:\/\/www.hausamstrom.de\/de\/#organization"},"potentialAction":[{"@type":"SearchAction","target":{"@type":"EntryPoint","urlTemplate":"https:\/\/www.hausamstrom.de\/de\/?s={search_term_string}"},"query-input":{"@type":"PropertyValueSpecification","valueRequired":true,"valueName":"search_term_string"}}],"inLanguage":"de"},{"@type":"Organization","@id":"https:\/\/www.hausamstrom.de\/de\/#organization","name":"Haus am Strom","url":"https:\/\/www.hausamstrom.de\/de\/","logo":{"@type":"ImageObject","inLanguage":"de","@id":"https:\/\/www.hausamstrom.de\/de\/#\/schema\/logo\/image\/","url":"https:\/\/www.hausamstrom.de\/wp-content\/uploads\/2025\/06\/Logo-quadratisch-1024x1024.jpg","contentUrl":"https:\/\/www.hausamstrom.de\/wp-content\/uploads\/2025\/06\/Logo-quadratisch-1024x1024.jpg","width":1024,"height":1024,"caption":"Haus am Strom"},"image":{"@id":"https:\/\/www.hausamstrom.de\/de\/#\/schema\/logo\/image\/"},"sameAs":["https:\/\/www.facebook.com\/hausamstrom","https:\/\/www.instagram.com\/"]}]}},"_links":{"self":[{"href":"https:\/\/www.hausamstrom.de\/de\/wp-json\/wp\/v2\/pages\/926","targetHints":{"allow":["GET"]}}],"collection":[{"href":"https:\/\/www.hausamstrom.de\/de\/wp-json\/wp\/v2\/pages"}],"about":[{"href":"https:\/\/www.hausamstrom.de\/de\/wp-json\/wp\/v2\/types\/page"}],"author":[{"embeddable":true,"href":"https:\/\/www.hausamstrom.de\/de\/wp-json\/wp\/v2\/users\/1"}],"replies":[{"embeddable":true,"href":"https:\/\/www.hausamstrom.de\/de\/wp-json\/wp\/v2\/comments?post=926"}],"version-history":[{"count":3,"href":"https:\/\/www.hausamstrom.de\/de\/wp-json\/wp\/v2\/pages\/926\/revisions"}],"predecessor-version":[{"id":2329,"href":"https:\/\/www.hausamstrom.de\/de\/wp-json\/wp\/v2\/pages\/926\/revisions\/2329"}],"up":[{"embeddable":true,"href":"https:\/\/www.hausamstrom.de\/de\/wp-json\/wp\/v2\/pages\/405"}],"wp:attachment":[{"href":"https:\/\/www.hausamstrom.de\/de\/wp-json\/wp\/v2\/media?parent=926"}],"curies":[{"name":"wp","href":"https:\/\/api.w.org\/{rel}","templated":true}]}}