{"id":6113,"date":"2020-04-06T14:25:01","date_gmt":"2020-04-06T12:25:01","guid":{"rendered":"https:\/\/www.hausamstrom.de\/service\/download-area\/"},"modified":"2026-02-26T10:30:52","modified_gmt":"2026-02-26T09:30:52","slug":"download-area","status":"publish","type":"page","link":"https:\/\/www.hausamstrom.de\/en\/service\/download-area\/","title":{"rendered":"download area"},"content":{"rendered":"<div class=\"wpb-content-wrapper\"><p>[vc_row][vc_column][vc_column_text css=&#8221;&#8221;]<\/p>\n<h2>Haus am Strom<\/h2>\n<p>Here you will find our flyer with information about our new exhibition.<\/p>\n<p><a href=\"https:\/\/www.hausamstrom.de\/wp-content\/uploads\/2024\/10\/HAS_Faltblatt_2024_06.pdf\">HAS_Hausflyer_2024_06<\/a><\/p>\n<p><img loading=\"lazy\" decoding=\"async\" class=\"alignnone size-medium wp-image-12733\" src=\"https:\/\/www.hausamstrom.de\/wp-content\/uploads\/2024\/08\/Handabdruck_S2_0249-400x267.jpg\" alt=\"\" width=\"400\" height=\"267\" srcset=\"https:\/\/www.hausamstrom.de\/wp-content\/uploads\/2024\/08\/Handabdruck_S2_0249-400x267.jpg 400w, https:\/\/www.hausamstrom.de\/wp-content\/uploads\/2024\/08\/Handabdruck_S2_0249-1024x683.jpg 1024w, https:\/\/www.hausamstrom.de\/wp-content\/uploads\/2024\/08\/Handabdruck_S2_0249-1536x1024.jpg 1536w, https:\/\/www.hausamstrom.de\/wp-content\/uploads\/2024\/08\/Handabdruck_S2_0249-2048x1366.jpg 2048w, https:\/\/www.hausamstrom.de\/wp-content\/uploads\/2024\/08\/Handabdruck_S2_0249-540x360.jpg 540w, https:\/\/www.hausamstrom.de\/wp-content\/uploads\/2024\/08\/Handabdruck_S2_0249-600x400.jpg 600w, https:\/\/www.hausamstrom.de\/wp-content\/uploads\/2024\/08\/Handabdruck_S2_0249-750x500.jpg 750w\" sizes=\"auto, (max-width: 400px) 100vw, 400px\" \/>[\/vc_column_text][\/vc_column][\/vc_row][vc_row][vc_column][vc_separator][\/vc_column][\/vc_row][vc_row][vc_column][vc_column_text css=&#8221;&#8221;]<\/p>\n<h2>Handout 3 Treasures<\/h2>\n<p><img loading=\"lazy\" decoding=\"async\" class=\"\" src=\"https:\/\/www.hausamstrom.de\/wp-content\/uploads\/2024\/10\/3-Schaetze-scaled.jpg\" width=\"387\" height=\"387\" \/><\/p>\n<p>The three treasures in the Passau region are the Haus am Strom environmental station with the Jochenstein hydroelectric power plant, the Granitzentrum Hauzenberg, and the Kropfm\u00fchl graphite visitor mine. For these three facilities, the GEO Center at the KTB and the Geozentrum Nordbayern at the University of Erlangen-Nuremberg, in collaboration with teachers from various schools and representatives of the three treasures, have developed a resource for teachers. This enables students to gain insights into the topics of nature, energy, and raw materials. Now you can explore the three facilities on your own, closely following the curriculum.<\/p>\n<p><a href=\"https:\/\/hausamstrom.de\/wp-content\/uploads\/2018\/12\/B-Regelous_Holzf\u00f6rster_2018-Kap_1_2_3_Die-drei-Sch\u00e4tze-im-Passauer-Land.pdf\" target=\"_blank\" rel=\"noopener\">Einleitung, Lehrplanbez\u00fcge, Einf\u00fchrung in das Thema Rohstoffe und geologischer \u00dcberblick \u00fcber das Passauer La<\/a><\/p>\n<p>[\/vc_column_text][\/vc_column][\/vc_row][vc_row][vc_column width=&#8221;1\/3&#8243;][vc_column_text css=&#8221;&#8221;]<\/p>\n<h3>Hauzenberg Granite Center<\/h3>\n<p><a href=\"https:\/\/hausamstrom.de\/wp-content\/uploads\/2018\/12\/C-Regelous_Holzf\u00f6rster_2018-Kap_4_Rohstoff-Granit.pdf\" target=\"_blank\" rel=\"noopener\">Rohstoff Granit<\/a>:Origin, formation, and use of granite as a raw material, information about the Hauzenberg Granite Center<\/p>\n<p><a href=\"https:\/\/hausamstrom.de\/wp-content\/uploads\/2018\/12\/D1-Regelous_Holzf\u00f6rster_2018-Kap_4_6_1-Aufgaben-Rallye-Granit34.pdf\" target=\"_blank\" rel=\"noopener noreferrer\">Rallye 3.+4. Klasse<\/a><\/p>\n<p><a href=\"https:\/\/hausamstrom.de\/wp-content\/uploads\/2018\/12\/D2-Regelous_Holzf\u00f6rster_2018-Kap_4_6_1-Aufgaben-Rallye-Granit34_Musterl\u00f6sung.pdf\" target=\"_blank\" rel=\"noopener noreferrer\">Musterl\u00f6sung<\/a><\/p>\n<p><a href=\"https:\/\/hausamstrom.de\/wp-content\/uploads\/2018\/12\/E1-Regelous_Holzf\u00f6rster_2018-Kap_4_6_2-Aufgaben-Rallye-Granit56.pdf\" target=\"_blank\" rel=\"noopener noreferrer\">Rallye 5.+6. Klasse<\/a><\/p>\n<p><a href=\"https:\/\/hausamstrom.de\/wp-content\/uploads\/2018\/12\/E2-Regelous_Holzf\u00f6rster_2018-Kap_4_6_2-Aufgaben-Rallye-Granit56_Musterl\u00f6sung.pdf\" target=\"_blank\" rel=\"noopener noreferrer\">Musterl\u00f6sung<\/a><\/p>\n<p><a href=\"https:\/\/hausamstrom.de\/wp-content\/uploads\/2018\/12\/F1-Regelous_Holzf\u00f6rster_2018-Kap_4_6_3-Aufgaben-Rallye-Granit9.pdf\" target=\"_blank\" rel=\"noopener noreferrer\">Rallye 9.Klasse<\/a><\/p>\n<p><a href=\"https:\/\/hausamstrom.de\/wp-content\/uploads\/2018\/12\/F2-Regelous_Holzf\u00f6rster_2018-Kap_4_6_3-Aufgaben-Rallye-Granit9_Musterl\u00f6sung.pdf\" target=\"_blank\" rel=\"noopener noreferrer\">Musterl\u00f6sung<\/a>[\/vc_column_text][\/vc_column][vc_column width=&#8221;1\/3&#8243;][vc_column_text css=&#8221;&#8221;]<\/p>\n<h3>Haus am Strom Unterrichtsmaterial<\/h3>\n<p><a href=\"https:\/\/hausamstrom.de\/wp-content\/uploads\/2018\/12\/V-Final_5-Rohstoff-Wasser.pdf\" target=\"_blank\" rel=\"noopener noreferrer\">Rohstoff Wasser<\/a>\u00a0:Characteristics, formation, and use of the Danube Valley, information about the Haus am Strom<\/p>\n<p><a href=\"https:\/\/www.hausamstrom.de\/wp-content\/uploads\/2025\/05\/Hausrallye-3.-4.-Klasse-aktuell.pdf\" target=\"_blank\" rel=\"noopener noreferrer\">Rallye f\u00fcr\u00a0 3.+4. Klasse<\/a><\/p>\n<p><a href=\"https:\/\/www.hausamstrom.de\/wp-content\/uploads\/2025\/05\/Hausralley-3.-4.-Klasse-Loesungen.pdf\">Musterl\u00f6sung\u00a0<\/a><\/p>\n<p><a href=\"https:\/\/hausamstrom.de\/wp-content\/uploads\/2018\/12\/V-Final_5_5_2-Aufgaben-Rallye-Wasser567.pdf\" target=\"_blank\" rel=\"noopener noreferrer\">Rallye f\u00fcr\u00a0 5.-7. Klasse<\/a><\/p>\n<p><a href=\"https:\/\/hausamstrom.de\/wp-content\/uploads\/2018\/12\/V-Final_5_5_2-Aufgaben-Rallye-Wasser567_Musterl\u00f6sung.pdf\" target=\"_blank\" rel=\"noopener noreferrer\">Musterl\u00f6sung<\/a><\/p>\n<p><a href=\"https:\/\/www.hausamstrom.de\/wp-content\/uploads\/2018\/12\/V-Final_5_5_3-Aufgaben-Rallye-Wasser910.pdf\" target=\"_blank\" rel=\"noopener noreferrer\">Rallye f\u00fcr 9.+10.Klasse<\/a><\/p>\n<p><a href=\"https:\/\/www.hausamstrom.de\/wp-content\/uploads\/2018\/12\/V-Final_5_5_3-Aufgaben-Rallye-Wasser910_Musterl\u00f6sung.pdf\" target=\"_blank\" rel=\"noopener noreferrer\">Musterl\u00f6sung<\/a>[\/vc_column_text][\/vc_column][vc_column width=&#8221;1\/3&#8243;][vc_column_text css=&#8221;&#8221;]<\/p>\n<h3>Graphite visitor mine Kropfm\u00fchl<\/h3>\n<p><a href=\"https:\/\/hausamstrom.de\/wp-content\/uploads\/2018\/12\/K-Regelous_Holzf\u00f6rster_2018-Kap_6-Rohstoff-Graphit.pdf\" target=\"_blank\" rel=\"noopener noreferrer\">Rohstoff Graphit<\/a>\u00a0:Only the formation, creation, and use of graphite, information about the Kropfm\u00fchl visitor mine<\/p>\n<p><a href=\"https:\/\/hausamstrom.de\/wp-content\/uploads\/2018\/12\/L1-Regelous_Holzf\u00f6rster_2018-Kap_6_6_1-Aufgaben-Rallye-Graphit34.pdf\" target=\"_blank\" rel=\"noopener noreferrer\">Rallye 3.+4. Klasse<\/a><\/p>\n<p><a href=\"https:\/\/hausamstrom.de\/wp-content\/uploads\/2018\/12\/L2-Regelous_Holzf\u00f6rster_2018-Kap_6_6_1-Aufgaben-Rallye-Graphit34_Musterl\u00f6sung.pdf\" target=\"_blank\" rel=\"noopener noreferrer\">Musterl\u00f6sung<\/a><\/p>\n<p><a href=\"https:\/\/hausamstrom.de\/wp-content\/uploads\/2018\/12\/M1-Regelous_Holzf\u00f6rster_2018-Kap_6_6_2-Aufgaben-Rallye-Graphit56.pdf\" target=\"_blank\" rel=\"noopener noreferrer\">Rallye 5.+6. Klasse\u00a0<\/a><\/p>\n<p><a href=\"https:\/\/hausamstrom.de\/wp-content\/uploads\/2018\/12\/M2-Regelous_Holzf\u00f6rster_2018-Kap_6_6_2-Aufgaben-Rallye-Graphit56_Musterl\u00f6sung.pdf\" target=\"_blank\" rel=\"noopener noreferrer\">Musterl\u00f6sung<\/a><\/p>\n<p><a href=\"https:\/\/hausamstrom.de\/wp-content\/uploads\/2018\/12\/N1-Regelous_Holzf\u00f6rster_2018-Kap_6_6_3-Aufgaben-Rallye-Graphit910.pdf\" target=\"_blank\" rel=\"noopener noreferrer\">Rallye 9.+10. Klasse\u00a0<\/a><\/p>\n<p><a href=\"https:\/\/hausamstrom.de\/wp-content\/uploads\/2018\/12\/N2-Regelous_Holzf\u00f6rster_2018-Kap_6_6_3-Aufgaben-Rallye-Graphit910_Musterl\u00f6sung.pdf\" target=\"_blank\" rel=\"noopener noreferrer\">Musterl\u00f6sung<\/a><\/p>\n<p><a href=\"https:\/\/hausamstrom.de\/wp-content\/uploads\/2018\/12\/O-Regelous_Holzf\u00f6rster_2018-Kap_Glossar.pdf\" target=\"_blank\" rel=\"noopener noreferrer\">Glossar<\/a><\/p>\n<p><a href=\"https:\/\/hausamstrom.de\/wp-content\/uploads\/2018\/12\/P-Regelous_Holzf\u00f6rster_2018-Kap_Literatur.pdf\" target=\"_blank\" rel=\"noopener noreferrer\">Literatur<\/a>[\/vc_column_text][\/vc_column][\/vc_row][vc_row][vc_column][vc_separator][\/vc_column][\/vc_row][vc_row][vc_column width=&#8221;1\/2&#8243;][vc_column_text css=&#8221;&#8221;]<\/p>\n<h2>Jochenstein Energy Experience<\/h2>\n<p>To download the flyer, click <a href=\"https:\/\/hausamstrom.de\/wp-content\/uploads\/2018\/12\/Folder_EnergieerlebnisJochenstein-dt.pdf\" target=\"_blank\" rel=\"noopener\">hier<\/a>.[\/vc_column_text][\/vc_column][vc_column width=&#8221;1\/2&#8243;][\/vc_column][\/vc_row][vc_row][vc_column][vc_separator][\/vc_column][\/vc_row][vc_row][vc_column][vc_column_text css=&#8221;&#8221;]<\/p>\n<h2>Project \u201cAlien Species\u201d<\/h2>\n<p>You can download the flyer for the \u201c<a href=\"https:\/\/www.hausamstrom.de\/wp-content\/uploads\/2020\/12\/HaS_flyer_fremde-Arten__11_19.pdf\" target=\"_blank\" rel=\"noopener\">Fremde Arten<\/a>\u201dhere.[\/vc_column_text][\/vc_column][\/vc_row]<\/p>\n<\/div>","protected":false},"excerpt":{"rendered":"<p>[vc_row][vc_column][vc_column_text css=&#8221;&#8221;] Haus am Strom Here you will find our flyer with information about our new exhibition. HAS_Hausflyer_2024_06 [\/vc_column_text][\/vc_column][\/vc_row][vc_row][vc_column][vc_separator][\/vc_column][\/vc_row][vc_row][vc_column][vc_column_text css=&#8221;&#8221;] Handout 3 Treasures The three treasures in the Passau region are the Haus am Strom environmental station with the Jochenstein hydroelectric power plant, the Granitzentrum Hauzenberg, and the Kropfm\u00fchl graphite visitor mine. For these three [&hellip;]<\/p>\n","protected":false},"author":1,"featured_media":0,"parent":6110,"menu_order":0,"comment_status":"closed","ping_status":"closed","template":"","meta":{"footnotes":""},"class_list":["post-6113","page","type-page","status-publish","hentry"],"yoast_head":"<!-- This site is optimized with the Yoast SEO plugin v27.4 - https:\/\/yoast.com\/product\/yoast-seo-wordpress\/ -->\n<title>download area - Haus am Strom<\/title>\n<meta name=\"robots\" content=\"index, follow, max-snippet:-1, max-image-preview:large, max-video-preview:-1\" \/>\n<link rel=\"canonical\" href=\"https:\/\/www.hausamstrom.de\/en\/service\/download-area\/\" \/>\n<meta property=\"og:locale\" content=\"en_US\" \/>\n<meta property=\"og:type\" content=\"article\" \/>\n<meta property=\"og:title\" content=\"download area - Haus am Strom\" \/>\n<meta property=\"og:description\" content=\"[vc_row][vc_column][vc_column_text css=&#8221;&#8221;] Haus am Strom Here you will find our flyer with information about our new exhibition. HAS_Hausflyer_2024_06 [\/vc_column_text][\/vc_column][\/vc_row][vc_row][vc_column][vc_separator][\/vc_column][\/vc_row][vc_row][vc_column][vc_column_text css=&#8221;&#8221;] Handout 3 Treasures The three treasures in the Passau region are the Haus am Strom environmental station with the Jochenstein hydroelectric power plant, the Granitzentrum Hauzenberg, and the Kropfm\u00fchl graphite visitor mine. For these three [&hellip;]\" \/>\n<meta property=\"og:url\" content=\"https:\/\/www.hausamstrom.de\/en\/service\/download-area\/\" \/>\n<meta property=\"og:site_name\" content=\"Haus am Strom\" \/>\n<meta property=\"article:publisher\" content=\"https:\/\/www.facebook.com\/hausamstrom\" \/>\n<meta property=\"article:modified_time\" content=\"2026-02-26T09:30:52+00:00\" \/>\n<meta property=\"og:image\" content=\"https:\/\/www.hausamstrom.de\/wp-content\/uploads\/2024\/08\/Handabdruck_S2_0249-1024x683.jpg\" \/>\n\t<meta property=\"og:image:width\" content=\"1024\" \/>\n\t<meta property=\"og:image:height\" content=\"683\" \/>\n\t<meta property=\"og:image:type\" content=\"image\/jpeg\" \/>\n<meta name=\"twitter:card\" content=\"summary_large_image\" \/>\n<meta name=\"twitter:label1\" content=\"Est. reading time\" \/>\n\t<meta name=\"twitter:data1\" content=\"2 minutes\" \/>\n<script type=\"application\/ld+json\" class=\"yoast-schema-graph\">{\"@context\":\"https:\\\/\\\/schema.org\",\"@graph\":[{\"@type\":\"WebPage\",\"@id\":\"https:\\\/\\\/www.hausamstrom.de\\\/en\\\/service\\\/download-area\\\/\",\"url\":\"https:\\\/\\\/www.hausamstrom.de\\\/en\\\/service\\\/download-area\\\/\",\"name\":\"download area - Haus am Strom\",\"isPartOf\":{\"@id\":\"https:\\\/\\\/www.hausamstrom.de\\\/de\\\/#website\"},\"primaryImageOfPage\":{\"@id\":\"https:\\\/\\\/www.hausamstrom.de\\\/en\\\/service\\\/download-area\\\/#primaryimage\"},\"image\":{\"@id\":\"https:\\\/\\\/www.hausamstrom.de\\\/en\\\/service\\\/download-area\\\/#primaryimage\"},\"thumbnailUrl\":\"https:\\\/\\\/www.hausamstrom.de\\\/wp-content\\\/uploads\\\/2024\\\/08\\\/Handabdruck_S2_0249-400x267.jpg\",\"datePublished\":\"2020-04-06T12:25:01+00:00\",\"dateModified\":\"2026-02-26T09:30:52+00:00\",\"breadcrumb\":{\"@id\":\"https:\\\/\\\/www.hausamstrom.de\\\/en\\\/service\\\/download-area\\\/#breadcrumb\"},\"inLanguage\":\"en-US\",\"potentialAction\":[{\"@type\":\"ReadAction\",\"target\":[\"https:\\\/\\\/www.hausamstrom.de\\\/en\\\/service\\\/download-area\\\/\"]}]},{\"@type\":\"ImageObject\",\"inLanguage\":\"en-US\",\"@id\":\"https:\\\/\\\/www.hausamstrom.de\\\/en\\\/service\\\/download-area\\\/#primaryimage\",\"url\":\"https:\\\/\\\/www.hausamstrom.de\\\/wp-content\\\/uploads\\\/2024\\\/08\\\/Handabdruck_S2_0249-400x267.jpg\",\"contentUrl\":\"https:\\\/\\\/www.hausamstrom.de\\\/wp-content\\\/uploads\\\/2024\\\/08\\\/Handabdruck_S2_0249-400x267.jpg\"},{\"@type\":\"BreadcrumbList\",\"@id\":\"https:\\\/\\\/www.hausamstrom.de\\\/en\\\/service\\\/download-area\\\/#breadcrumb\",\"itemListElement\":[{\"@type\":\"ListItem\",\"position\":1,\"name\":\"Home\",\"item\":\"https:\\\/\\\/www.hausamstrom.de\\\/en\\\/\"},{\"@type\":\"ListItem\",\"position\":2,\"name\":\"service\",\"item\":\"https:\\\/\\\/www.hausamstrom.de\\\/en\\\/service\\\/\"},{\"@type\":\"ListItem\",\"position\":3,\"name\":\"download area\"}]},{\"@type\":\"WebSite\",\"@id\":\"https:\\\/\\\/www.hausamstrom.de\\\/de\\\/#website\",\"url\":\"https:\\\/\\\/www.hausamstrom.de\\\/de\\\/\",\"name\":\"Haus am Strom\",\"description\":\"Umweltbildungsstation im Passauer Donautal. Umweltbildung und Naturschutz f\u00fcr Kinder und Erwachsenen.\",\"publisher\":{\"@id\":\"https:\\\/\\\/www.hausamstrom.de\\\/de\\\/#organization\"},\"potentialAction\":[{\"@type\":\"SearchAction\",\"target\":{\"@type\":\"EntryPoint\",\"urlTemplate\":\"https:\\\/\\\/www.hausamstrom.de\\\/de\\\/?s={search_term_string}\"},\"query-input\":{\"@type\":\"PropertyValueSpecification\",\"valueRequired\":true,\"valueName\":\"search_term_string\"}}],\"inLanguage\":\"en-US\"},{\"@type\":\"Organization\",\"@id\":\"https:\\\/\\\/www.hausamstrom.de\\\/de\\\/#organization\",\"name\":\"Haus am Strom\",\"url\":\"https:\\\/\\\/www.hausamstrom.de\\\/de\\\/\",\"logo\":{\"@type\":\"ImageObject\",\"inLanguage\":\"en-US\",\"@id\":\"https:\\\/\\\/www.hausamstrom.de\\\/de\\\/#\\\/schema\\\/logo\\\/image\\\/\",\"url\":\"https:\\\/\\\/www.hausamstrom.de\\\/wp-content\\\/uploads\\\/2025\\\/06\\\/Logo-quadratisch-1024x1024.jpg\",\"contentUrl\":\"https:\\\/\\\/www.hausamstrom.de\\\/wp-content\\\/uploads\\\/2025\\\/06\\\/Logo-quadratisch-1024x1024.jpg\",\"width\":1024,\"height\":1024,\"caption\":\"Haus am Strom\"},\"image\":{\"@id\":\"https:\\\/\\\/www.hausamstrom.de\\\/de\\\/#\\\/schema\\\/logo\\\/image\\\/\"},\"sameAs\":[\"https:\\\/\\\/www.facebook.com\\\/hausamstrom\",\"https:\\\/\\\/www.instagram.com\\\/\"]}]}<\/script>\n<!-- \/ Yoast SEO plugin. -->","yoast_head_json":{"title":"download area - Haus am Strom","robots":{"index":"index","follow":"follow","max-snippet":"max-snippet:-1","max-image-preview":"max-image-preview:large","max-video-preview":"max-video-preview:-1"},"canonical":"https:\/\/www.hausamstrom.de\/en\/service\/download-area\/","og_locale":"en_US","og_type":"article","og_title":"download area - Haus am Strom","og_description":"[vc_row][vc_column][vc_column_text css=&#8221;&#8221;] Haus am Strom Here you will find our flyer with information about our new exhibition. HAS_Hausflyer_2024_06 [\/vc_column_text][\/vc_column][\/vc_row][vc_row][vc_column][vc_separator][\/vc_column][\/vc_row][vc_row][vc_column][vc_column_text css=&#8221;&#8221;] Handout 3 Treasures The three treasures in the Passau region are the Haus am Strom environmental station with the Jochenstein hydroelectric power plant, the Granitzentrum Hauzenberg, and the Kropfm\u00fchl graphite visitor mine. For these three [&hellip;]","og_url":"https:\/\/www.hausamstrom.de\/en\/service\/download-area\/","og_site_name":"Haus am Strom","article_publisher":"https:\/\/www.facebook.com\/hausamstrom","article_modified_time":"2026-02-26T09:30:52+00:00","og_image":[{"width":1024,"height":683,"url":"https:\/\/www.hausamstrom.de\/wp-content\/uploads\/2024\/08\/Handabdruck_S2_0249-1024x683.jpg","type":"image\/jpeg"}],"twitter_card":"summary_large_image","twitter_misc":{"Est. reading time":"2 minutes"},"schema":{"@context":"https:\/\/schema.org","@graph":[{"@type":"WebPage","@id":"https:\/\/www.hausamstrom.de\/en\/service\/download-area\/","url":"https:\/\/www.hausamstrom.de\/en\/service\/download-area\/","name":"download area - Haus am Strom","isPartOf":{"@id":"https:\/\/www.hausamstrom.de\/de\/#website"},"primaryImageOfPage":{"@id":"https:\/\/www.hausamstrom.de\/en\/service\/download-area\/#primaryimage"},"image":{"@id":"https:\/\/www.hausamstrom.de\/en\/service\/download-area\/#primaryimage"},"thumbnailUrl":"https:\/\/www.hausamstrom.de\/wp-content\/uploads\/2024\/08\/Handabdruck_S2_0249-400x267.jpg","datePublished":"2020-04-06T12:25:01+00:00","dateModified":"2026-02-26T09:30:52+00:00","breadcrumb":{"@id":"https:\/\/www.hausamstrom.de\/en\/service\/download-area\/#breadcrumb"},"inLanguage":"en-US","potentialAction":[{"@type":"ReadAction","target":["https:\/\/www.hausamstrom.de\/en\/service\/download-area\/"]}]},{"@type":"ImageObject","inLanguage":"en-US","@id":"https:\/\/www.hausamstrom.de\/en\/service\/download-area\/#primaryimage","url":"https:\/\/www.hausamstrom.de\/wp-content\/uploads\/2024\/08\/Handabdruck_S2_0249-400x267.jpg","contentUrl":"https:\/\/www.hausamstrom.de\/wp-content\/uploads\/2024\/08\/Handabdruck_S2_0249-400x267.jpg"},{"@type":"BreadcrumbList","@id":"https:\/\/www.hausamstrom.de\/en\/service\/download-area\/#breadcrumb","itemListElement":[{"@type":"ListItem","position":1,"name":"Home","item":"https:\/\/www.hausamstrom.de\/en\/"},{"@type":"ListItem","position":2,"name":"service","item":"https:\/\/www.hausamstrom.de\/en\/service\/"},{"@type":"ListItem","position":3,"name":"download area"}]},{"@type":"WebSite","@id":"https:\/\/www.hausamstrom.de\/de\/#website","url":"https:\/\/www.hausamstrom.de\/de\/","name":"Haus am Strom","description":"Umweltbildungsstation im Passauer Donautal. Umweltbildung und Naturschutz f\u00fcr Kinder und Erwachsenen.","publisher":{"@id":"https:\/\/www.hausamstrom.de\/de\/#organization"},"potentialAction":[{"@type":"SearchAction","target":{"@type":"EntryPoint","urlTemplate":"https:\/\/www.hausamstrom.de\/de\/?s={search_term_string}"},"query-input":{"@type":"PropertyValueSpecification","valueRequired":true,"valueName":"search_term_string"}}],"inLanguage":"en-US"},{"@type":"Organization","@id":"https:\/\/www.hausamstrom.de\/de\/#organization","name":"Haus am Strom","url":"https:\/\/www.hausamstrom.de\/de\/","logo":{"@type":"ImageObject","inLanguage":"en-US","@id":"https:\/\/www.hausamstrom.de\/de\/#\/schema\/logo\/image\/","url":"https:\/\/www.hausamstrom.de\/wp-content\/uploads\/2025\/06\/Logo-quadratisch-1024x1024.jpg","contentUrl":"https:\/\/www.hausamstrom.de\/wp-content\/uploads\/2025\/06\/Logo-quadratisch-1024x1024.jpg","width":1024,"height":1024,"caption":"Haus am Strom"},"image":{"@id":"https:\/\/www.hausamstrom.de\/de\/#\/schema\/logo\/image\/"},"sameAs":["https:\/\/www.facebook.com\/hausamstrom","https:\/\/www.instagram.com\/"]}]}},"_links":{"self":[{"href":"https:\/\/www.hausamstrom.de\/en\/wp-json\/wp\/v2\/pages\/6113","targetHints":{"allow":["GET"]}}],"collection":[{"href":"https:\/\/www.hausamstrom.de\/en\/wp-json\/wp\/v2\/pages"}],"about":[{"href":"https:\/\/www.hausamstrom.de\/en\/wp-json\/wp\/v2\/types\/page"}],"author":[{"embeddable":true,"href":"https:\/\/www.hausamstrom.de\/en\/wp-json\/wp\/v2\/users\/1"}],"replies":[{"embeddable":true,"href":"https:\/\/www.hausamstrom.de\/en\/wp-json\/wp\/v2\/comments?post=6113"}],"version-history":[{"count":3,"href":"https:\/\/www.hausamstrom.de\/en\/wp-json\/wp\/v2\/pages\/6113\/revisions"}],"predecessor-version":[{"id":14151,"href":"https:\/\/www.hausamstrom.de\/en\/wp-json\/wp\/v2\/pages\/6113\/revisions\/14151"}],"up":[{"embeddable":true,"href":"https:\/\/www.hausamstrom.de\/en\/wp-json\/wp\/v2\/pages\/6110"}],"wp:attachment":[{"href":"https:\/\/www.hausamstrom.de\/en\/wp-json\/wp\/v2\/media?parent=6113"}],"curies":[{"name":"wp","href":"https:\/\/api.w.org\/{rel}","templated":true}]}}