{"id":6858,"date":"2020-04-30T16:04:24","date_gmt":"2020-04-30T14:04:24","guid":{"rendered":"https:\/\/www.hausamstrom.de\/service\/downloadgebied\/"},"modified":"2020-04-30T16:04:24","modified_gmt":"2020-04-30T14:04:24","slug":"downloadgebied","status":"publish","type":"page","link":"https:\/\/www.hausamstrom.de\/nl\/service\/downloadgebied\/","title":{"rendered":"Downloadgebied"},"content":{"rendered":"<div class=\"wpb-content-wrapper\"><p>[vc_row][vc_column width=&#8221;1\/3&#8243;][vc_column_text]<br \/>\nOns jaarprogramma<\/p>\n<p>Download ons jaarprogramma 2020 als <a href=\"https:\/\/www.hausamstrom.de\/de\/jahresprogramm_2020\/\">PDF<\/a>.[\/vc_column_text][\/vc_column][vc_column width=&#8221;1\/3&#8243;][vc_column_text]<br \/>\nKinderverjaardagsfeestje<\/p>\n<p>Uitnodiging voor het kinderverjaardagsfeestje in Haus am Strom als PDF om te <a href=\"https:\/\/hausamstrom.de\/wp-content\/uploads\/2016\/03\/Einladungskarte_Kindergeburtstag.pdf\">downloaden<\/a>.<\/p>\n<h2><a style=\"font-size: 16px;\" href=\"https:\/\/hausamstrom.de\/wp-content\/uploads\/2016\/03\/Einladungskarte_Kindergeburtstag.pdf\">herunterladen.<\/a><\/h2>\n<p>[\/vc_column_text][\/vc_column][vc_column width=&#8221;1\/3&#8243;][vc_column_text]<\/p>\n<h2>Jaarverslagen van het Haus am Strom<\/h2>\n<p><a href=\"https:\/\/hausamstrom.de\/wp-content\/uploads\/2018\/04\/Jahresbericht2017web.pdf\">Jahresbericht 2017<\/a>[\/vc_column_text][\/vc_column][\/vc_row][vc_row][vc_column][vc_column_text]<br \/>\nHandouts 3 schatten<\/p>\n<p>De 3 schatten in het Passauer Land bestaan uit de milieustraat Haus am Strom met de waterkrachtcentrale Jochenstein, het granieten centrum Hauzenberg en de grafieten bezoekersmijn Kropfm\u00fchl. Het GEO-Zentrum van de KTB en het Geozentrum Nordbayern van de Universiteit van Erlangen-N\u00fcrnberg hebben in samenwerking met docenten van verschillende scholen en vertegenwoordigers van de 3 Schatten een handboek voor docenten voor deze 3 faciliteiten ontwikkeld. Het geeft de leerlingen inzicht in de onderwerpen natuur, energie en grondstoffen. Nu is het voor hen mogelijk om de 3 faciliteiten op eigen houtje te verkennen en het curriculum op de voet te volgen.<\/p>\n<p><a href=\"https:\/\/hausamstrom.de\/wp-content\/uploads\/2018\/12\/A-Regelous_Holzf\u00f6rster_2018-Kap_0-Titel.pdf\" target=\"_blank\" rel=\"noopener noreferrer\">3 Sch\u00e4tze<\/a><\/p>\n<p><a href=\"https:\/\/hausamstrom.de\/wp-content\/uploads\/2018\/12\/B-Regelous_Holzf\u00f6rster_2018-Kap_1_2_3_Die-drei-Sch\u00e4tze-im-Passauer-Land.pdf\" target=\"_blank\" rel=\"noopener noreferrer\">Einleitung, Lehrplanbez\u00fcge, Einf\u00fchrung in das Thema Rohstoffe und geologischer \u00dcberblick \u00fcber das Passauer Land\u00a0\u00a0<\/a>[\/vc_column_text][\/vc_column][\/vc_row][vc_row][vc_column width=&#8221;1\/3&#8243;][vc_column_text]<\/p>\n<h3>Granitzentrum Hauzenberg<\/h3>\n<p>&nbsp;<\/p>\n<p><a href=\"https:\/\/hausamstrom.de\/wp-content\/uploads\/2018\/12\/C-Regelous_Holzf\u00f6rster_2018-Kap_4_Rohstoff-Granit.pdf\" target=\"_blank\" rel=\"noopener noreferrer\">Rohstoff Granit<\/a>: Entstehung, Bildung und Verwendung des Rohstoffes Granit, Informationen \u00fcber das Granitzentrum Hauzenberg<\/p>\n<p><a href=\"https:\/\/hausamstrom.de\/wp-content\/uploads\/2018\/12\/D1-Regelous_Holzf\u00f6rster_2018-Kap_4_6_1-Aufgaben-Rallye-Granit34.pdf\" target=\"_blank\" rel=\"noopener noreferrer\">Rallye 3.+4. Klasse<\/a><\/p>\n<p><a href=\"https:\/\/hausamstrom.de\/wp-content\/uploads\/2018\/12\/D2-Regelous_Holzf\u00f6rster_2018-Kap_4_6_1-Aufgaben-Rallye-Granit34_Musterl\u00f6sung.pdf\" target=\"_blank\" rel=\"noopener noreferrer\">Musterl\u00f6sung<\/a><\/p>\n<p><a href=\"https:\/\/hausamstrom.de\/wp-content\/uploads\/2018\/12\/E1-Regelous_Holzf\u00f6rster_2018-Kap_4_6_2-Aufgaben-Rallye-Granit56.pdf\" target=\"_blank\" rel=\"noopener noreferrer\">Rallye 5.+6. Klasse<\/a><\/p>\n<p><a href=\"https:\/\/hausamstrom.de\/wp-content\/uploads\/2018\/12\/E2-Regelous_Holzf\u00f6rster_2018-Kap_4_6_2-Aufgaben-Rallye-Granit56_Musterl\u00f6sung.pdf\" target=\"_blank\" rel=\"noopener noreferrer\">Musterl\u00f6sung<\/a><\/p>\n<p><a href=\"https:\/\/hausamstrom.de\/wp-content\/uploads\/2018\/12\/F1-Regelous_Holzf\u00f6rster_2018-Kap_4_6_3-Aufgaben-Rallye-Granit9.pdf\" target=\"_blank\" rel=\"noopener noreferrer\">Rallye 9.Klasse<\/a><\/p>\n<p><a href=\"https:\/\/hausamstrom.de\/wp-content\/uploads\/2018\/12\/F2-Regelous_Holzf\u00f6rster_2018-Kap_4_6_3-Aufgaben-Rallye-Granit9_Musterl\u00f6sung.pdf\" target=\"_blank\" rel=\"noopener noreferrer\">Musterl\u00f6sung<\/a>[\/vc_column_text][\/vc_column][vc_column width=&#8221;1\/3&#8243;][vc_column_text]<\/p>\n<h3>Haus am Strom<\/h3>\n<p><a href=\"https:\/\/hausamstrom.de\/wp-content\/uploads\/2018\/12\/V-Final_5-Rohstoff-Wasser.pdf\" target=\"_blank\" rel=\"noopener noreferrer\">Rohstoff Wasser<\/a>: Eigenschaften, Bildung und Nutzung des Donautals, Informationen \u00fcber das Haus am Strom<\/p>\n<p><a href=\"https:\/\/hausamstrom.de\/wp-content\/uploads\/2018\/12\/V-Final_5_5_1-Aufgaben-Rallye-Wasser34.pdf\" target=\"_blank\" rel=\"noopener noreferrer\">Rallye f\u00fcr\u00a0 3.+4. Klasse<\/a><\/p>\n<p><a href=\"https:\/\/hausamstrom.de\/wp-content\/uploads\/2018\/12\/V-Final_5_5_1-Aufgaben-Rallye-Wasser34_Musterl\u00f6sung.pdf\" target=\"_blank\" rel=\"noopener noreferrer\">Musterl\u00f6sung<\/a><\/p>\n<p><a href=\"https:\/\/hausamstrom.de\/wp-content\/uploads\/2018\/12\/V-Final_5_5_2-Aufgaben-Rallye-Wasser567.pdf\" target=\"_blank\" rel=\"noopener noreferrer\">Rallye f\u00fcr\u00a0 5.-7. Klasse<\/a><\/p>\n<p><a href=\"https:\/\/hausamstrom.de\/wp-content\/uploads\/2018\/12\/V-Final_5_5_2-Aufgaben-Rallye-Wasser567_Musterl\u00f6sung.pdf\" target=\"_blank\" rel=\"noopener noreferrer\">Musterl\u00f6sung<\/a><\/p>\n<p><a href=\"https:\/\/hausamstrom.dev-final_5_5_3-aufgaben-rallye-wasser910\/\" target=\"_blank\" rel=\"noopener noreferrer\">Rallye f\u00fcr 9.+10.Klasse<\/a><\/p>\n<p><a href=\"https:\/\/hausamstrom.dev-final_5_5_3-aufgaben-rallye-wasser910_musterloesung\/\" target=\"_blank\" rel=\"noopener noreferrer\">Musterl\u00f6sung<\/a>[\/vc_column_text][\/vc_column][vc_column width=&#8221;1\/3&#8243;][vc_column_text]<\/p>\n<h3>Graphit Besucherbergwerk Kropfm\u00fchl<\/h3>\n<p><a href=\"https:\/\/hausamstrom.de\/wp-content\/uploads\/2018\/12\/K-Regelous_Holzf\u00f6rster_2018-Kap_6-Rohstoff-Graphit.pdf\" target=\"_blank\" rel=\"noopener noreferrer\">Rohstoff Graphit<\/a>: Entstehung, Bildung und Verwendung von Graphit, Informationen \u00fcber das Besucherbergwerk Kropfm\u00fchl<\/p>\n<p><a href=\"https:\/\/hausamstrom.de\/wp-content\/uploads\/2018\/12\/L1-Regelous_Holzf\u00f6rster_2018-Kap_6_6_1-Aufgaben-Rallye-Graphit34.pdf\" target=\"_blank\" rel=\"noopener noreferrer\">Rallye 3.+4. Klasse<\/a><\/p>\n<p><a href=\"https:\/\/hausamstrom.de\/wp-content\/uploads\/2018\/12\/L2-Regelous_Holzf\u00f6rster_2018-Kap_6_6_1-Aufgaben-Rallye-Graphit34_Musterl\u00f6sung.pdf\" target=\"_blank\" rel=\"noopener noreferrer\">Musterl\u00f6sung<\/a><\/p>\n<p><a href=\"https:\/\/hausamstrom.de\/wp-content\/uploads\/2018\/12\/M1-Regelous_Holzf\u00f6rster_2018-Kap_6_6_2-Aufgaben-Rallye-Graphit56.pdf\" target=\"_blank\" rel=\"noopener noreferrer\">Rallye 5.+6. Klasse\u00a0<\/a><\/p>\n<p><a href=\"https:\/\/hausamstrom.de\/wp-content\/uploads\/2018\/12\/M2-Regelous_Holzf\u00f6rster_2018-Kap_6_6_2-Aufgaben-Rallye-Graphit56_Musterl\u00f6sung.pdf\" target=\"_blank\" rel=\"noopener noreferrer\">Musterl\u00f6sung<\/a><\/p>\n<p><a href=\"https:\/\/hausamstrom.de\/wp-content\/uploads\/2018\/12\/N1-Regelous_Holzf\u00f6rster_2018-Kap_6_6_3-Aufgaben-Rallye-Graphit910.pdf\" target=\"_blank\" rel=\"noopener noreferrer\">Rallye 9.+10. Klasse\u00a0<\/a><\/p>\n<p><a href=\"https:\/\/hausamstrom.de\/wp-content\/uploads\/2018\/12\/N2-Regelous_Holzf\u00f6rster_2018-Kap_6_6_3-Aufgaben-Rallye-Graphit910_Musterl\u00f6sung.pdf\" target=\"_blank\" rel=\"noopener noreferrer\">Musterl\u00f6sung<\/a><\/p>\n<p><a href=\"https:\/\/hausamstrom.de\/wp-content\/uploads\/2018\/12\/O-Regelous_Holzf\u00f6rster_2018-Kap_Glossar.pdf\" target=\"_blank\" rel=\"noopener noreferrer\">Glossar<\/a><\/p>\n<p><a href=\"https:\/\/hausamstrom.de\/wp-content\/uploads\/2018\/12\/P-Regelous_Holzf\u00f6rster_2018-Kap_Literatur.pdf\" target=\"_blank\" rel=\"noopener noreferrer\">Literatur<\/a>[\/vc_column_text][\/vc_column][\/vc_row][vc_row][vc_column width=&#8221;1\/2&#8243;][vc_column_text]<br \/>\nEnergie-ervaring Jochenstein<\/p>\n<p>Om de Duitse versie van de flyer te downloaden, klikt u op <a style=\"font-size: 16px;\" href=\"https:\/\/hausamstrom.de\/wp-content\/uploads\/2018\/12\/Folder_EnergieerlebnisJochenstein-dt.pdf\" target=\"_blank\" rel=\"noopener noreferrer\">hier<\/a><span style=\"font-size: 16px;\">.<\/span>[\/vc_column_text][\/vc_column][vc_column width=&#8221;1\/2&#8243;][vc_column_text]<br \/>\nEnergieerlebnis Jochenstein<\/p>\n<p>U kunt de engelse versie van de flyer downloaden <a style=\"font-size: 16px;\" href=\"https:\/\/hausamstrom.de\/wp-content\/uploads\/2018\/12\/Folder_EnergieerlebnisJochenstein-eng.pdf\" target=\"_blank\" rel=\"noopener noreferrer\">here<\/a><span style=\"font-size: 16px;\">.<\/span>[\/vc_column_text][\/vc_column][\/vc_row]<\/p>\n<\/div>","protected":false},"excerpt":{"rendered":"<p>[vc_row][vc_column width=&#8221;1\/3&#8243;][vc_column_text] Ons jaarprogramma Download ons jaarprogramma 2020 als PDF.[\/vc_column_text][\/vc_column][vc_column width=&#8221;1\/3&#8243;][vc_column_text] Kinderverjaardagsfeestje Uitnodiging voor het kinderverjaardagsfeestje in Haus am Strom als PDF om te downloaden. herunterladen. [\/vc_column_text][\/vc_column][vc_column width=&#8221;1\/3&#8243;][vc_column_text] Jaarverslagen van het Haus am Strom Jahresbericht 2017[\/vc_column_text][\/vc_column][\/vc_row][vc_row][vc_column][vc_column_text] Handouts 3 schatten De 3 schatten in het Passauer Land bestaan uit de milieustraat Haus am Strom met de [&hellip;]<\/p>\n","protected":false},"author":1,"featured_media":0,"parent":6848,"menu_order":0,"comment_status":"closed","ping_status":"closed","template":"","meta":{"footnotes":""},"class_list":["post-6858","page","type-page","status-publish","hentry"],"yoast_head":"<!-- This site is optimized with the Yoast SEO plugin v27.5 - https:\/\/yoast.com\/product\/yoast-seo-wordpress\/ -->\n<title>Downloadgebied - Haus am Strom<\/title>\n<meta name=\"robots\" content=\"index, follow, max-snippet:-1, max-image-preview:large, max-video-preview:-1\" \/>\n<link rel=\"canonical\" href=\"https:\/\/www.hausamstrom.de\/nl\/service\/downloadgebied\/\" \/>\n<meta property=\"og:locale\" content=\"nl_NL\" \/>\n<meta property=\"og:type\" content=\"article\" \/>\n<meta property=\"og:title\" content=\"Downloadgebied - Haus am Strom\" \/>\n<meta property=\"og:description\" content=\"[vc_row][vc_column width=&#8221;1\/3&#8243;][vc_column_text] Ons jaarprogramma Download ons jaarprogramma 2020 als PDF.[\/vc_column_text][\/vc_column][vc_column width=&#8221;1\/3&#8243;][vc_column_text] Kinderverjaardagsfeestje Uitnodiging voor het kinderverjaardagsfeestje in Haus am Strom als PDF om te downloaden. herunterladen. [\/vc_column_text][\/vc_column][vc_column width=&#8221;1\/3&#8243;][vc_column_text] Jaarverslagen van het Haus am Strom Jahresbericht 2017[\/vc_column_text][\/vc_column][\/vc_row][vc_row][vc_column][vc_column_text] Handouts 3 schatten De 3 schatten in het Passauer Land bestaan uit de milieustraat Haus am Strom met de [&hellip;]\" \/>\n<meta property=\"og:url\" content=\"https:\/\/www.hausamstrom.de\/nl\/service\/downloadgebied\/\" \/>\n<meta property=\"og:site_name\" content=\"Haus am Strom\" \/>\n<meta property=\"article:publisher\" content=\"https:\/\/www.facebook.com\/hausamstrom\" \/>\n<meta name=\"twitter:card\" content=\"summary_large_image\" \/>\n<meta name=\"twitter:label1\" content=\"Geschatte leestijd\" \/>\n\t<meta name=\"twitter:data1\" content=\"2 minuten\" \/>\n<script type=\"application\/ld+json\" class=\"yoast-schema-graph\">{\"@context\":\"https:\\\/\\\/schema.org\",\"@graph\":[{\"@type\":\"WebPage\",\"@id\":\"https:\\\/\\\/www.hausamstrom.de\\\/nl\\\/service\\\/downloadgebied\\\/\",\"url\":\"https:\\\/\\\/www.hausamstrom.de\\\/nl\\\/service\\\/downloadgebied\\\/\",\"name\":\"Downloadgebied - Haus am Strom\",\"isPartOf\":{\"@id\":\"https:\\\/\\\/www.hausamstrom.de\\\/de\\\/#website\"},\"datePublished\":\"2020-04-30T14:04:24+00:00\",\"breadcrumb\":{\"@id\":\"https:\\\/\\\/www.hausamstrom.de\\\/nl\\\/service\\\/downloadgebied\\\/#breadcrumb\"},\"inLanguage\":\"nl-NL\",\"potentialAction\":[{\"@type\":\"ReadAction\",\"target\":[\"https:\\\/\\\/www.hausamstrom.de\\\/nl\\\/service\\\/downloadgebied\\\/\"]}]},{\"@type\":\"BreadcrumbList\",\"@id\":\"https:\\\/\\\/www.hausamstrom.de\\\/nl\\\/service\\\/downloadgebied\\\/#breadcrumb\",\"itemListElement\":[{\"@type\":\"ListItem\",\"position\":1,\"name\":\"Home\",\"item\":\"https:\\\/\\\/www.hausamstrom.de\\\/nl\\\/\"},{\"@type\":\"ListItem\",\"position\":2,\"name\":\"Service\",\"item\":\"https:\\\/\\\/www.hausamstrom.de\\\/nl\\\/service\\\/\"},{\"@type\":\"ListItem\",\"position\":3,\"name\":\"Downloadgebied\"}]},{\"@type\":\"WebSite\",\"@id\":\"https:\\\/\\\/www.hausamstrom.de\\\/de\\\/#website\",\"url\":\"https:\\\/\\\/www.hausamstrom.de\\\/de\\\/\",\"name\":\"Haus am Strom\",\"description\":\"Umweltbildungsstation im Passauer Donautal. Umweltbildung und Naturschutz f\u00fcr Kinder und Erwachsenen.\",\"publisher\":{\"@id\":\"https:\\\/\\\/www.hausamstrom.de\\\/de\\\/#organization\"},\"potentialAction\":[{\"@type\":\"SearchAction\",\"target\":{\"@type\":\"EntryPoint\",\"urlTemplate\":\"https:\\\/\\\/www.hausamstrom.de\\\/de\\\/?s={search_term_string}\"},\"query-input\":{\"@type\":\"PropertyValueSpecification\",\"valueRequired\":true,\"valueName\":\"search_term_string\"}}],\"inLanguage\":\"nl-NL\"},{\"@type\":\"Organization\",\"@id\":\"https:\\\/\\\/www.hausamstrom.de\\\/de\\\/#organization\",\"name\":\"Haus am Strom\",\"url\":\"https:\\\/\\\/www.hausamstrom.de\\\/de\\\/\",\"logo\":{\"@type\":\"ImageObject\",\"inLanguage\":\"nl-NL\",\"@id\":\"https:\\\/\\\/www.hausamstrom.de\\\/de\\\/#\\\/schema\\\/logo\\\/image\\\/\",\"url\":\"https:\\\/\\\/www.hausamstrom.de\\\/wp-content\\\/uploads\\\/2025\\\/06\\\/Logo-quadratisch-1024x1024.jpg\",\"contentUrl\":\"https:\\\/\\\/www.hausamstrom.de\\\/wp-content\\\/uploads\\\/2025\\\/06\\\/Logo-quadratisch-1024x1024.jpg\",\"width\":1024,\"height\":1024,\"caption\":\"Haus am Strom\"},\"image\":{\"@id\":\"https:\\\/\\\/www.hausamstrom.de\\\/de\\\/#\\\/schema\\\/logo\\\/image\\\/\"},\"sameAs\":[\"https:\\\/\\\/www.facebook.com\\\/hausamstrom\",\"https:\\\/\\\/www.instagram.com\\\/\"]}]}<\/script>\n<!-- \/ Yoast SEO plugin. -->","yoast_head_json":{"title":"Downloadgebied - Haus am Strom","robots":{"index":"index","follow":"follow","max-snippet":"max-snippet:-1","max-image-preview":"max-image-preview:large","max-video-preview":"max-video-preview:-1"},"canonical":"https:\/\/www.hausamstrom.de\/nl\/service\/downloadgebied\/","og_locale":"nl_NL","og_type":"article","og_title":"Downloadgebied - Haus am Strom","og_description":"[vc_row][vc_column width=&#8221;1\/3&#8243;][vc_column_text] Ons jaarprogramma Download ons jaarprogramma 2020 als PDF.[\/vc_column_text][\/vc_column][vc_column width=&#8221;1\/3&#8243;][vc_column_text] Kinderverjaardagsfeestje Uitnodiging voor het kinderverjaardagsfeestje in Haus am Strom als PDF om te downloaden. herunterladen. [\/vc_column_text][\/vc_column][vc_column width=&#8221;1\/3&#8243;][vc_column_text] Jaarverslagen van het Haus am Strom Jahresbericht 2017[\/vc_column_text][\/vc_column][\/vc_row][vc_row][vc_column][vc_column_text] Handouts 3 schatten De 3 schatten in het Passauer Land bestaan uit de milieustraat Haus am Strom met de [&hellip;]","og_url":"https:\/\/www.hausamstrom.de\/nl\/service\/downloadgebied\/","og_site_name":"Haus am Strom","article_publisher":"https:\/\/www.facebook.com\/hausamstrom","twitter_card":"summary_large_image","twitter_misc":{"Geschatte leestijd":"2 minuten"},"schema":{"@context":"https:\/\/schema.org","@graph":[{"@type":"WebPage","@id":"https:\/\/www.hausamstrom.de\/nl\/service\/downloadgebied\/","url":"https:\/\/www.hausamstrom.de\/nl\/service\/downloadgebied\/","name":"Downloadgebied - Haus am Strom","isPartOf":{"@id":"https:\/\/www.hausamstrom.de\/de\/#website"},"datePublished":"2020-04-30T14:04:24+00:00","breadcrumb":{"@id":"https:\/\/www.hausamstrom.de\/nl\/service\/downloadgebied\/#breadcrumb"},"inLanguage":"nl-NL","potentialAction":[{"@type":"ReadAction","target":["https:\/\/www.hausamstrom.de\/nl\/service\/downloadgebied\/"]}]},{"@type":"BreadcrumbList","@id":"https:\/\/www.hausamstrom.de\/nl\/service\/downloadgebied\/#breadcrumb","itemListElement":[{"@type":"ListItem","position":1,"name":"Home","item":"https:\/\/www.hausamstrom.de\/nl\/"},{"@type":"ListItem","position":2,"name":"Service","item":"https:\/\/www.hausamstrom.de\/nl\/service\/"},{"@type":"ListItem","position":3,"name":"Downloadgebied"}]},{"@type":"WebSite","@id":"https:\/\/www.hausamstrom.de\/de\/#website","url":"https:\/\/www.hausamstrom.de\/de\/","name":"Haus am Strom","description":"Umweltbildungsstation im Passauer Donautal. Umweltbildung und Naturschutz f\u00fcr Kinder und Erwachsenen.","publisher":{"@id":"https:\/\/www.hausamstrom.de\/de\/#organization"},"potentialAction":[{"@type":"SearchAction","target":{"@type":"EntryPoint","urlTemplate":"https:\/\/www.hausamstrom.de\/de\/?s={search_term_string}"},"query-input":{"@type":"PropertyValueSpecification","valueRequired":true,"valueName":"search_term_string"}}],"inLanguage":"nl-NL"},{"@type":"Organization","@id":"https:\/\/www.hausamstrom.de\/de\/#organization","name":"Haus am Strom","url":"https:\/\/www.hausamstrom.de\/de\/","logo":{"@type":"ImageObject","inLanguage":"nl-NL","@id":"https:\/\/www.hausamstrom.de\/de\/#\/schema\/logo\/image\/","url":"https:\/\/www.hausamstrom.de\/wp-content\/uploads\/2025\/06\/Logo-quadratisch-1024x1024.jpg","contentUrl":"https:\/\/www.hausamstrom.de\/wp-content\/uploads\/2025\/06\/Logo-quadratisch-1024x1024.jpg","width":1024,"height":1024,"caption":"Haus am Strom"},"image":{"@id":"https:\/\/www.hausamstrom.de\/de\/#\/schema\/logo\/image\/"},"sameAs":["https:\/\/www.facebook.com\/hausamstrom","https:\/\/www.instagram.com\/"]}]}},"_links":{"self":[{"href":"https:\/\/www.hausamstrom.de\/nl\/wp-json\/wp\/v2\/pages\/6858","targetHints":{"allow":["GET"]}}],"collection":[{"href":"https:\/\/www.hausamstrom.de\/nl\/wp-json\/wp\/v2\/pages"}],"about":[{"href":"https:\/\/www.hausamstrom.de\/nl\/wp-json\/wp\/v2\/types\/page"}],"author":[{"embeddable":true,"href":"https:\/\/www.hausamstrom.de\/nl\/wp-json\/wp\/v2\/users\/1"}],"replies":[{"embeddable":true,"href":"https:\/\/www.hausamstrom.de\/nl\/wp-json\/wp\/v2\/comments?post=6858"}],"version-history":[{"count":1,"href":"https:\/\/www.hausamstrom.de\/nl\/wp-json\/wp\/v2\/pages\/6858\/revisions"}],"predecessor-version":[{"id":6859,"href":"https:\/\/www.hausamstrom.de\/nl\/wp-json\/wp\/v2\/pages\/6858\/revisions\/6859"}],"up":[{"embeddable":true,"href":"https:\/\/www.hausamstrom.de\/nl\/wp-json\/wp\/v2\/pages\/6848"}],"wp:attachment":[{"href":"https:\/\/www.hausamstrom.de\/nl\/wp-json\/wp\/v2\/media?parent=6858"}],"curies":[{"name":"wp","href":"https:\/\/api.w.org\/{rel}","templated":true}]}}